{"id":4329,"date":"2015-10-15T15:32:40","date_gmt":"2015-10-15T12:32:40","guid":{"rendered":"http:\/\/wpoffice\/construction\/?page_id=23"},"modified":"2025-02-03T19:15:18","modified_gmt":"2025-02-03T16:15:18","slug":"iletisim","status":"publish","type":"page","link":"https:\/\/evustasi.net\/index.php\/iletisim\/","title":{"rendered":"\u0130leti\u015fim"},"content":{"rendered":"<div  class='flex_column av-mxhuh-297030a110560170efdeaab0f3349530 av_one_full  avia-builder-el-0  el_before_av_hr  avia-builder-el-first  first flex_column_div  '     ><style type=\"text\/css\" data-created_by=\"avia_inline_auto\" id=\"style-css-av-lkl43uyt-0b2f23b2c81271dfd3a395f8ef351b46\">\n#top .av-special-heading.av-lkl43uyt-0b2f23b2c81271dfd3a395f8ef351b46{\npadding-bottom:0;\n}\nbody .av-special-heading.av-lkl43uyt-0b2f23b2c81271dfd3a395f8ef351b46 .av-special-heading-tag .heading-char{\nfont-size:25px;\n}\n.av-special-heading.av-lkl43uyt-0b2f23b2c81271dfd3a395f8ef351b46 .av-subheading{\nfont-size:15px;\n}\n<\/style>\n<div  class='av-special-heading av-lkl43uyt-0b2f23b2c81271dfd3a395f8ef351b46 av-special-heading-h2 blockquote modern-quote modern-centered  avia-builder-el-1  avia-builder-el-no-sibling '><h2 class='av-special-heading-tag'  itemprop=\"headline\"  >\u0130leti\u015fim<\/h2><div class=\"special-heading-border\"><div class=\"special-heading-inner-border\"><\/div><\/div><\/div><\/div>\n\n<style type=\"text\/css\" data-created_by=\"avia_inline_auto\" id=\"style-css-av-1xz62h-8874a289d0aadc585b9354a1d8e23ec8\">\n#top .hr.av-1xz62h-8874a289d0aadc585b9354a1d8e23ec8{\nmargin-top:10px;\nmargin-bottom:10px;\n}\n.hr.av-1xz62h-8874a289d0aadc585b9354a1d8e23ec8 .hr-inner{\nwidth:50px;\nborder-color:#efbb20;\n}\n<\/style>\n<div  class='hr av-1xz62h-8874a289d0aadc585b9354a1d8e23ec8 hr-custom  avia-builder-el-2  el_after_av_one_full  el_before_av_one_full  hr-center hr-icon-no'><span class='hr-inner inner-border-av-border-fat'><span class=\"hr-inner-style\"><\/span><\/span><\/div>\n<div  class='flex_column av-3team1-982925e3eba08cf9a6189da18a42de4b av_one_full  avia-builder-el-3  el_after_av_hr  el_before_av_two_third  first flex_column_div  '     ><\/div>\n\n<style type=\"text\/css\" data-created_by=\"avia_inline_auto\" id=\"style-css-av-prk5jd-6c66877a70081198507d37562cee681c\">\n.flex_column.av-prk5jd-6c66877a70081198507d37562cee681c{\nborder-radius:0px 0px 0px 0px;\npadding:0px 0px 0px 0px;\n}\n<\/style>\n<div  class='flex_column av-prk5jd-6c66877a70081198507d37562cee681c av_two_third  avia-builder-el-5  el_after_av_one_full  el_before_av_one_third  first flex_column_div av-animated-generic bottom-to-top av-zero-column-padding  column-top-margin'     ><p>\n<style type=\"text\/css\" data-created_by=\"avia_inline_auto\" id=\"style-css-av-ojk7xl-2b3bd9ff676ca1ed0b07d5db054eabde\">\n#top .av-special-heading.av-ojk7xl-2b3bd9ff676ca1ed0b07d5db054eabde{\npadding-bottom:0;\n}\nbody .av-special-heading.av-ojk7xl-2b3bd9ff676ca1ed0b07d5db054eabde .av-special-heading-tag .heading-char{\nfont-size:25px;\n}\n.av-special-heading.av-ojk7xl-2b3bd9ff676ca1ed0b07d5db054eabde .av-subheading{\nfont-size:15px;\n}\n<\/style>\n<div  class='av-special-heading av-ojk7xl-2b3bd9ff676ca1ed0b07d5db054eabde av-special-heading-h3 blockquote modern-quote  avia-builder-el-6  el_before_av_hr  avia-builder-el-first '><h3 class='av-special-heading-tag'  itemprop=\"headline\"  >Bize E-Posta G\u00f6nderin<\/h3><div class=\"special-heading-border\"><div class=\"special-heading-inner-border\"><\/div><\/div><\/div><br \/>\n\n<style type=\"text\/css\" data-created_by=\"avia_inline_auto\" id=\"style-css-av-lxg8c9-c52e044c83c87231d7f449f14b90a77f\">\n#top .hr.av-lxg8c9-c52e044c83c87231d7f449f14b90a77f{\nmargin-top:10px;\nmargin-bottom:10px;\n}\n.hr.av-lxg8c9-c52e044c83c87231d7f449f14b90a77f .hr-inner{\nwidth:50px;\nborder-color:#efbb20;\n}\n<\/style>\n<div  class='hr av-lxg8c9-c52e044c83c87231d7f449f14b90a77f hr-custom  avia-builder-el-7  el_after_av_heading  el_before_av_contact  hr-left hr-icon-no'><span class='hr-inner inner-border-av-border-fat'><span class=\"hr-inner-style\"><\/span><\/span><\/div><br \/>\n<form action=\"https:\/\/evustasi.net\/index.php\/iletisim\/\" method=\"post\" data-fields-with-error=\"Found errors in the following field(s):\" class=\"avia_ajax_form av-form-labels-visible   avia-builder-el-8  el_after_av_hr  avia-builder-el-last   \" data-avia-form-id=\"1\" data-avia-redirect='' ><fieldset><p class='  first_form  form_element form_element_half' id='element_avia_1_1'><label for=\"avia_1_1\">\u0130sim Soyisim <abbr class=\"required\" title=\"Zorunlu\">*<\/abbr><\/label> <input name=\"avia_1_1\" class=\"text_input is_empty\" type=\"text\" id=\"avia_1_1\" value=\"\" \/><\/p><p class='  form_element form_element_half' id='element_avia_2_1'><label for=\"avia_2_1\">E-Posta<\/label> <input name=\"avia_2_1\" class=\"text_input \" type=\"text\" id=\"avia_2_1\" value=\"\" \/><\/p><p class='  first_form  form_element form_element_half' id='element_avia_3_1'><label for=\"avia_3_1\">Konu <abbr class=\"required\" title=\"Zorunlu\">*<\/abbr><\/label> <input name=\"avia_3_1\" class=\"text_input is_empty\" type=\"text\" id=\"avia_3_1\" value=\"\" \/><\/p><p class='  form_element form_element_half' id='element_avia_4_1'><label for=\"avia_4_1\">Telefon <abbr class=\"required\" title=\"Zorunlu\">*<\/abbr><\/label> <input name=\"avia_4_1\" class=\"text_input is_empty\" type=\"text\" id=\"avia_4_1\" value=\"\" \/><\/p><p class='  first_form  form_element form_fullwidth av-last-visible-form-element' id='element_avia_5_1'><label for=\"avia_5_1\" class=\"textare_label hidden textare_label_avia_5_1\">Mesaj\u0131n\u0131z <abbr class=\"required\" title=\"Zorunlu\">*<\/abbr><\/label><textarea  name=\"avia_5_1\" class=\"text_area is_empty\" cols=\"40\" rows=\"7\" id=\"avia_5_1\" ><\/textarea><\/p><p class=\"hidden\"><input type=\"text\" name=\"avia_6_1\" class=\"hidden \" id=\"avia_6_1\" value=\"\" \/><\/p><p class=\"form_element \"><input type=\"hidden\" value=\"1\" name=\"avia_generated_form1\" \/><input type=\"submit\" value=\"G\u00f6nder\" class=\"button\"  data-sending-label=\"G\u00f6nderiliyor\"\/><\/p><\/fieldset><\/form><div id=\"ajaxresponse_1\" class=\"ajaxresponse ajaxresponse_1 hidden\"><\/div><\/p><\/div>\n<style type=\"text\/css\" data-created_by=\"avia_inline_auto\" id=\"style-css-av-bgs4rd-2017a277364fe14b7f6ce963bb07832a\">\n.flex_column.av-bgs4rd-2017a277364fe14b7f6ce963bb07832a{\nborder-radius:0px 0px 0px 0px;\npadding:0px 0px 0px 0px;\n}\n<\/style>\n<div  class='flex_column av-bgs4rd-2017a277364fe14b7f6ce963bb07832a av_one_third  avia-builder-el-9  el_after_av_two_third  avia-builder-el-last  flex_column_div av-animated-generic bottom-to-top av-zero-column-padding  column-top-margin'     ><p>\n<style type=\"text\/css\" data-created_by=\"avia_inline_auto\" id=\"style-css-av-8gw689-aad8c5fb72f0cac583a7b0730db87759\">\n#top .av-special-heading.av-8gw689-aad8c5fb72f0cac583a7b0730db87759{\npadding-bottom:0;\n}\nbody .av-special-heading.av-8gw689-aad8c5fb72f0cac583a7b0730db87759 .av-special-heading-tag .heading-char{\nfont-size:25px;\n}\n.av-special-heading.av-8gw689-aad8c5fb72f0cac583a7b0730db87759 .av-subheading{\nfont-size:15px;\n}\n<\/style>\n<div  class='av-special-heading av-8gw689-aad8c5fb72f0cac583a7b0730db87759 av-special-heading-h3 blockquote modern-quote  avia-builder-el-10  el_before_av_hr  avia-builder-el-first '><h3 class='av-special-heading-tag'  itemprop=\"headline\"  >Adres<\/h3><div class=\"special-heading-border\"><div class=\"special-heading-inner-border\"><\/div><\/div><\/div><br \/>\n\n<style type=\"text\/css\" data-created_by=\"avia_inline_auto\" id=\"style-css-av-7za65l-c24e5bd08c1ebb73da3c7460ef1970c7\">\n#top .hr.av-7za65l-c24e5bd08c1ebb73da3c7460ef1970c7{\nmargin-top:10px;\nmargin-bottom:10px;\n}\n.hr.av-7za65l-c24e5bd08c1ebb73da3c7460ef1970c7 .hr-inner{\nwidth:50px;\nborder-color:#efbb20;\n}\n<\/style>\n<div  class='hr av-7za65l-c24e5bd08c1ebb73da3c7460ef1970c7 hr-custom  avia-builder-el-11  el_after_av_heading  el_before_av_textblock  hr-left hr-icon-no'><span class='hr-inner inner-border-av-border-fat'><span class=\"hr-inner-style\"><\/span><\/span><\/div><br \/>\n\n<style type=\"text\/css\" data-created_by=\"avia_inline_auto\" id=\"style-css-av-2cbxgp-a944d36182a8f9c65fad8e154154aff8\">\n#top .av_textblock_section.av-2cbxgp-a944d36182a8f9c65fad8e154154aff8 .avia_textblock{\ncolor:#9c9c9c;\n}\n<\/style>\n<section  class='av_textblock_section av-2cbxgp-a944d36182a8f9c65fad8e154154aff8 '   itemscope=\"itemscope\" itemtype=\"https:\/\/schema.org\/CreativeWork\" ><div class='avia_textblock av_inherit_color'  itemprop=\"text\" ><p><a style=\"text-decoration: none;\" href=\"http:\/\/<iframe src=\"https:\/\/www.google.com\/maps\/embed?pb=!1m14!1m12!1m3!1d100149.4735355386!2d26.65347692231582!3d38.333447772418616!2m3!1f0!2f0!3f0!3m2!1i1024!2i768!4f13.1!5e0!3m2!1str!2str!4v1704204250357!5m2!1str!2str\" width=\"600\" height=\"450\" style=\"border:0;\" allowfullscreen=\"\" loading=\"lazy\" referrerpolicy=\"no-referrer-when-downgrade\"><\/iframe>&#8221; data-wplink-url-error=&#8221;true&#8221;>\u00c7aml\u0131 \u00c7ay Mahallesi, 5211 Sokak, No:13\/A Urla \u2013 \u0130zmir<\/a><\/p>\n<\/div><\/section><br \/>\n\n<style type=\"text\/css\" data-created_by=\"avia_inline_auto\" id=\"style-css-av-lkl5scl2-481ff94bddde82d1af37065fe1722c24\">\n#top .av-special-heading.av-lkl5scl2-481ff94bddde82d1af37065fe1722c24{\npadding-bottom:0;\n}\nbody .av-special-heading.av-lkl5scl2-481ff94bddde82d1af37065fe1722c24 .av-special-heading-tag .heading-char{\nfont-size:25px;\n}\n.av-special-heading.av-lkl5scl2-481ff94bddde82d1af37065fe1722c24 .av-subheading{\nfont-size:15px;\n}\n<\/style>\n<div  class='av-special-heading av-lkl5scl2-481ff94bddde82d1af37065fe1722c24 av-special-heading-h3 blockquote modern-quote  avia-builder-el-13  el_after_av_textblock  el_before_av_hr '><h3 class='av-special-heading-tag'  itemprop=\"headline\"  >Telefon<\/h3><div class=\"special-heading-border\"><div class=\"special-heading-inner-border\"><\/div><\/div><\/div><br \/>\n\n<style type=\"text\/css\" data-created_by=\"avia_inline_auto\" id=\"style-css-av-4u30wp-348dfcfb43e3401cd593e3a3eea5fe3e\">\n#top .hr.av-4u30wp-348dfcfb43e3401cd593e3a3eea5fe3e{\nmargin-top:10px;\nmargin-bottom:10px;\n}\n.hr.av-4u30wp-348dfcfb43e3401cd593e3a3eea5fe3e .hr-inner{\nwidth:50px;\nborder-color:#efbb20;\n}\n<\/style>\n<div  class='hr av-4u30wp-348dfcfb43e3401cd593e3a3eea5fe3e hr-custom  avia-builder-el-14  el_after_av_heading  el_before_av_textblock  hr-left hr-icon-no'><span class='hr-inner inner-border-av-border-fat'><span class=\"hr-inner-style\"><\/span><\/span><\/div><br \/>\n\n<style type=\"text\/css\" data-created_by=\"avia_inline_auto\" id=\"style-css-av-lkl5tta8-7ff51f3de83645d272257edd4fc27530\">\n#top .av_textblock_section.av-lkl5tta8-7ff51f3de83645d272257edd4fc27530 .avia_textblock{\ncolor:#9c9c9c;\n}\n<\/style>\n<section  class='av_textblock_section av-lkl5tta8-7ff51f3de83645d272257edd4fc27530 '   itemscope=\"itemscope\" itemtype=\"https:\/\/schema.org\/CreativeWork\" ><div class='avia_textblock av_inherit_color'  itemprop=\"text\" ><p><a style=\"text-decoration: none;\" href=\"phone:05394843343\">0539 484 33 43<\/a><br \/>\n<a style=\"text-decoration: none;\" href=\"phone:02327661770\">0232 766 17 70<\/a><\/p>\n<\/div><\/section><br \/>\n\n<style type=\"text\/css\" data-created_by=\"avia_inline_auto\" id=\"style-css-av-lkl4hxtm-12c30b7160f322551246658405e17491\">\n#top .av-special-heading.av-lkl4hxtm-12c30b7160f322551246658405e17491{\npadding-bottom:0;\n}\nbody .av-special-heading.av-lkl4hxtm-12c30b7160f322551246658405e17491 .av-special-heading-tag .heading-char{\nfont-size:25px;\n}\n.av-special-heading.av-lkl4hxtm-12c30b7160f322551246658405e17491 .av-subheading{\nfont-size:15px;\n}\n<\/style>\n<div  class='av-special-heading av-lkl4hxtm-12c30b7160f322551246658405e17491 av-special-heading-h3 blockquote modern-quote  avia-builder-el-16  el_after_av_textblock  el_before_av_hr '><h3 class='av-special-heading-tag'  itemprop=\"headline\"  >Sosyal Medya<\/h3><div class=\"special-heading-border\"><div class=\"special-heading-inner-border\"><\/div><\/div><\/div><br \/>\n\n<style type=\"text\/css\" data-created_by=\"avia_inline_auto\" id=\"style-css-av-33hid5-5ffbd6c550b31330a08df585a308a2e2\">\n#top .hr.av-33hid5-5ffbd6c550b31330a08df585a308a2e2{\nmargin-top:10px;\nmargin-bottom:10px;\n}\n.hr.av-33hid5-5ffbd6c550b31330a08df585a308a2e2 .hr-inner{\nwidth:50px;\nborder-color:#efbb20;\n}\n<\/style>\n<div  class='hr av-33hid5-5ffbd6c550b31330a08df585a308a2e2 hr-custom  avia-builder-el-17  el_after_av_heading  el_before_av_social_share  hr-left hr-icon-no'><span class='hr-inner inner-border-av-border-fat'><span class=\"hr-inner-style\"><\/span><\/span><\/div><br \/>\n<div  class='av-social-sharing-box av-lkl4sg4v-ca459efaad62e1a0e613c154fea29023 av-social-sharing-box-default  avia-builder-el-18  el_after_av_hr  avia-builder-el-last  av-social-sharing-box-fullwidth'><div class=\"av-share-box\"><h5 class='av-share-link-description av-no-toc '>Bizi Takip Edin<\/h5><ul class=\"av-share-box-list noLightbox\"><li class='av-share-link av-social-link-whatsapp' ><a target=\"_blank\" aria-label=\"Link to WhatsApp\" href='https:\/\/wa.me\/905394843343' aria-hidden='false' data-av_icon='\uf232' data-av_iconfont='entypo-fontello' title='' data-avia-related-tooltip='Link to WhatsApp' rel=\"noopener\"><span class='avia_hidden_link_text'>Link to WhatsApp<\/span><\/a><\/li><li class='av-share-link av-social-link-instagram' ><a target=\"_blank\" aria-label=\"Link to Instagram\" href='https:\/\/www.instagram.com\/urla_ev_ustasi\/' aria-hidden='false' data-av_icon='\uf16d' data-av_iconfont='entypo-fontello' title='' data-avia-related-tooltip='Link to Instagram' rel=\"noopener\"><span class='avia_hidden_link_text'>Link to Instagram<\/span><\/a><\/li><\/ul><\/div><\/div><\/p><\/div><\/p>\n","protected":false},"excerpt":{"rendered":"","protected":false},"author":1,"featured_media":0,"parent":0,"menu_order":0,"comment_status":"closed","ping_status":"closed","template":"","meta":{"footnotes":""},"class_list":["post-4329","page","type-page","status-publish","hentry"],"_links":{"self":[{"href":"https:\/\/evustasi.net\/index.php\/wp-json\/wp\/v2\/pages\/4329","targetHints":{"allow":["GET"]}}],"collection":[{"href":"https:\/\/evustasi.net\/index.php\/wp-json\/wp\/v2\/pages"}],"about":[{"href":"https:\/\/evustasi.net\/index.php\/wp-json\/wp\/v2\/types\/page"}],"author":[{"embeddable":true,"href":"https:\/\/evustasi.net\/index.php\/wp-json\/wp\/v2\/users\/1"}],"replies":[{"embeddable":true,"href":"https:\/\/evustasi.net\/index.php\/wp-json\/wp\/v2\/comments?post=4329"}],"version-history":[{"count":95,"href":"https:\/\/evustasi.net\/index.php\/wp-json\/wp\/v2\/pages\/4329\/revisions"}],"predecessor-version":[{"id":5132,"href":"https:\/\/evustasi.net\/index.php\/wp-json\/wp\/v2\/pages\/4329\/revisions\/5132"}],"wp:attachment":[{"href":"https:\/\/evustasi.net\/index.php\/wp-json\/wp\/v2\/media?parent=4329"}],"curies":[{"name":"wp","href":"https:\/\/api.w.org\/{rel}","templated":true}]}}