{"id":4700,"date":"2023-09-29T10:02:35","date_gmt":"2023-09-29T07:02:35","guid":{"rendered":"http:\/\/evustasi.net\/?page_id=4700"},"modified":"2023-11-01T10:29:55","modified_gmt":"2023-11-01T07:29:55","slug":"mantolama-dis-cephe","status":"publish","type":"page","link":"https:\/\/evustasi.net\/index.php\/hizmetlerimiz\/mantolama-dis-cephe\/","title":{"rendered":"Mantolama &#8211; D\u0131\u015f Cephe"},"content":{"rendered":"<div  class='avia-slideshow av-1a7fpt8-625bfbb6e34e89ac42006cde6393f1d3 avia-slideshow-featured_large av_slideshow avia-fade-slider  avia-builder-el-0  el_before_av_one_full  avia-builder-el-first  av-slideshow-ui av-control-hidden av-no-slider-navigation av-hide-nav-arrows av-slideshow-autoplay av-loop-endless av-loop-manual-endless av-default-height-applied avia-slideshow-1' data-slideshow-options=\"{&quot;animation&quot;:&quot;fade&quot;,&quot;autoplay&quot;:true,&quot;loop_autoplay&quot;:&quot;endless&quot;,&quot;interval&quot;:5,&quot;loop_manual&quot;:&quot;manual-endless&quot;,&quot;autoplay_stopper&quot;:false,&quot;noNavigation&quot;:true,&quot;bg_slider&quot;:false,&quot;keep_padding&quot;:false,&quot;hoverpause&quot;:false,&quot;show_slide_delay&quot;:0}\"  itemprop=\"image\" itemscope=\"itemscope\" itemtype=\"https:\/\/schema.org\/ImageObject\" ><ul class='avia-slideshow-inner ' style='padding-bottom: 42%;'><li  class='avia-slideshow-slide av-1a7fpt8-625bfbb6e34e89ac42006cde6393f1d3__0  slide-1 slide-odd'><div data-rel='slideshow-1' class='avia-slide-wrap '   ><img decoding=\"async\" class=\"wp-image-4885 avia-img-lazy-loading-not-4885\"  src=\"https:\/\/evustasi.net\/wp-content\/uploads\/2023\/10\/discephemantolama-1.jpg\" width=\"1500\" height=\"630\" title='discephemantolama-1' alt=''  itemprop=\"thumbnailUrl\"   \/><\/div><\/li><li  class='avia-slideshow-slide av-1a7fpt8-625bfbb6e34e89ac42006cde6393f1d3__1  slide-2 slide-even'><div data-rel='slideshow-1' class='avia-slide-wrap '   ><img decoding=\"async\" class=\"wp-image-4886 avia-img-lazy-loading-not-4886\"  src=\"https:\/\/evustasi.net\/wp-content\/uploads\/2023\/10\/discephemantolama-2.jpg\" width=\"1500\" height=\"630\" title='discephemantolama-2' alt=''  itemprop=\"thumbnailUrl\"   \/><\/div><\/li><li  class='avia-slideshow-slide av-1a7fpt8-625bfbb6e34e89ac42006cde6393f1d3__2  slide-3 slide-odd'><div data-rel='slideshow-1' class='avia-slide-wrap '   ><img decoding=\"async\" class=\"wp-image-4887 avia-img-lazy-loading-not-4887\"  src=\"https:\/\/evustasi.net\/wp-content\/uploads\/2023\/10\/discephemantolama-3.jpg\" width=\"1500\" height=\"630\" title='discephemantolama-3' alt=''  itemprop=\"thumbnailUrl\"   \/><\/div><\/li><li  class='avia-slideshow-slide av-1a7fpt8-625bfbb6e34e89ac42006cde6393f1d3__3  slide-4 slide-even'><div data-rel='slideshow-1' class='avia-slide-wrap '   ><img decoding=\"async\" class=\"wp-image-4888 avia-img-lazy-loading-not-4888\"  src=\"https:\/\/evustasi.net\/wp-content\/uploads\/2023\/10\/discephemantolama-4.jpg\" width=\"1500\" height=\"630\" title='discephemantolama-4' alt=''  itemprop=\"thumbnailUrl\"   \/><\/div><\/li><li  class='avia-slideshow-slide av-1a7fpt8-625bfbb6e34e89ac42006cde6393f1d3__4  slide-5 slide-odd'><div data-rel='slideshow-1' class='avia-slide-wrap '   ><img decoding=\"async\" class=\"wp-image-4889 avia-img-lazy-loading-not-4889\"  src=\"https:\/\/evustasi.net\/wp-content\/uploads\/2023\/10\/discephemantolama-5.jpg\" width=\"1500\" height=\"630\" title='discephemantolama-5' alt=''  itemprop=\"thumbnailUrl\"   \/><\/div><\/li><\/ul><div class='avia-slideshow-arrows avia-slideshow-controls' ><a href='#prev' class='prev-slide ' aria-hidden='true' data-av_icon='\ue87c' data-av_iconfont='entypo-fontello'  tabindex='-1'>\u00d6nceki<\/a><a href='#next' class='next-slide ' aria-hidden='true' data-av_icon='\ue87d' data-av_iconfont='entypo-fontello'  tabindex='-1'>Sonraki<\/a><\/div><\/div>\n\n<style type=\"text\/css\" data-created_by=\"avia_inline_auto\" id=\"style-css-av-yxodm4-9a33c7ab5c70d137fe19427072b29a69\">\n#top .flex_column.av-yxodm4-9a33c7ab5c70d137fe19427072b29a69{\nmargin-top:0px;\nmargin-bottom:0px;\n}\n.flex_column.av-yxodm4-9a33c7ab5c70d137fe19427072b29a69{\nborder-radius:0px 0px 0px 0px;\npadding:0px 0px 0px 0px;\n}\n.responsive #top #wrap_all .flex_column.av-yxodm4-9a33c7ab5c70d137fe19427072b29a69{\nmargin-top:0px;\nmargin-bottom:0px;\n}\n<\/style>\n<div  class='flex_column av-yxodm4-9a33c7ab5c70d137fe19427072b29a69 av_one_full  avia-builder-el-1  el_after_av_slideshow  el_before_av_one_half  first flex_column_div av-animated-generic bottom-to-top av-zero-column-padding  '     ><p>\n<style type=\"text\/css\" data-created_by=\"avia_inline_auto\" id=\"style-css-av-lnsrajvf-e2001edc7b232ed94286d2b41e4bf8d1\">\n#top .av-special-heading.av-lnsrajvf-e2001edc7b232ed94286d2b41e4bf8d1{\npadding-bottom:0;\n}\nbody .av-special-heading.av-lnsrajvf-e2001edc7b232ed94286d2b41e4bf8d1 .av-special-heading-tag .heading-char{\nfont-size:25px;\n}\n.av-special-heading.av-lnsrajvf-e2001edc7b232ed94286d2b41e4bf8d1 .av-subheading{\nfont-size:15px;\n}\n<\/style>\n<div  class='av-special-heading av-lnsrajvf-e2001edc7b232ed94286d2b41e4bf8d1 av-special-heading-h2 blockquote modern-quote modern-centered  avia-builder-el-2  el_before_av_hr  avia-builder-el-first '><h2 class='av-special-heading-tag'  itemprop=\"headline\"  >Mantolama &#8211; D\u0131\u015f Cephe<\/h2><div class=\"special-heading-border\"><div class=\"special-heading-inner-border\"><\/div><\/div><\/div><br \/>\n\n<style type=\"text\/css\" data-created_by=\"avia_inline_auto\" id=\"style-css-av-ymvsf0-389885d2f59ed1bfe3a324b88538d67a\">\n#top .hr.av-ymvsf0-389885d2f59ed1bfe3a324b88538d67a{\nmargin-top:10px;\nmargin-bottom:10px;\n}\n.hr.av-ymvsf0-389885d2f59ed1bfe3a324b88538d67a .hr-inner{\nwidth:50px;\nborder-color:#efbb20;\n}\n<\/style>\n<div  class='hr av-ymvsf0-389885d2f59ed1bfe3a324b88538d67a hr-custom  avia-builder-el-3  el_after_av_heading  avia-builder-el-last  hr-center hr-icon-no'><span class='hr-inner inner-border-av-border-fat'><span class=\"hr-inner-style\"><\/span><\/span><\/div><\/p><\/div>\n\n<style type=\"text\/css\" data-created_by=\"avia_inline_auto\" id=\"style-css-av-bpp3g-95b6209cbfcacacd3a99c2aed8e3a978\">\n#top .flex_column.av-bpp3g-95b6209cbfcacacd3a99c2aed8e3a978{\nmargin-top:0px;\nmargin-bottom:0px;\n}\n.flex_column.av-bpp3g-95b6209cbfcacacd3a99c2aed8e3a978{\nborder-radius:0px 0px 0px 0px;\npadding:0px 0px 0px 0px;\n}\n.responsive #top #wrap_all .flex_column.av-bpp3g-95b6209cbfcacacd3a99c2aed8e3a978{\nmargin-top:0px;\nmargin-bottom:0px;\n}\n<\/style>\n<div  class='flex_column av-bpp3g-95b6209cbfcacacd3a99c2aed8e3a978 av_one_half  avia-builder-el-4  el_after_av_one_full  el_before_av_one_half  first flex_column_div av-animated-generic bottom-to-top av-zero-column-padding  column-top-margin'     ><p>\n<style type=\"text\/css\" data-created_by=\"avia_inline_auto\" id=\"style-css-av-v5340c-c9dad1436036752b28738849faf3b91c\">\n#top .av-special-heading.av-v5340c-c9dad1436036752b28738849faf3b91c{\npadding-bottom:0;\n}\nbody .av-special-heading.av-v5340c-c9dad1436036752b28738849faf3b91c .av-special-heading-tag .heading-char{\nfont-size:25px;\n}\n.av-special-heading.av-v5340c-c9dad1436036752b28738849faf3b91c .av-subheading{\nfont-size:15px;\n}\n<\/style>\n<div  class='av-special-heading av-v5340c-c9dad1436036752b28738849faf3b91c av-special-heading-h3 blockquote modern-quote  avia-builder-el-5  el_before_av_hr  avia-builder-el-first '><h3 class='av-special-heading-tag'  itemprop=\"headline\"  >D\u0131\u015f cephe mantolama yapman\u0131n avantajlar\u0131 nelerdir?<\/h3><div class=\"special-heading-border\"><div class=\"special-heading-inner-border\"><\/div><\/div><\/div><br \/>\n\n<style type=\"text\/css\" data-created_by=\"avia_inline_auto\" id=\"style-css-av-sru1wc-c0ac6dd6c3dcefbcd6b4dcdf6527da94\">\n#top .hr.av-sru1wc-c0ac6dd6c3dcefbcd6b4dcdf6527da94{\nmargin-top:10px;\nmargin-bottom:10px;\n}\n.hr.av-sru1wc-c0ac6dd6c3dcefbcd6b4dcdf6527da94 .hr-inner{\nwidth:50px;\nborder-color:#efbb20;\n}\n<\/style>\n<div  class='hr av-sru1wc-c0ac6dd6c3dcefbcd6b4dcdf6527da94 hr-custom  avia-builder-el-6  el_after_av_heading  el_before_av_textblock  hr-left hr-icon-no'><span class='hr-inner inner-border-av-border-fat'><span class=\"hr-inner-style\"><\/span><\/span><\/div><br \/>\n<section  class='av_textblock_section av-2oblvg-5de0e0634ca0ceafa8f1f8105e9a6867 '   itemscope=\"itemscope\" itemtype=\"https:\/\/schema.org\/CreativeWork\" ><div class='avia_textblock'  itemprop=\"text\" ><p>Binalara estetik bir g\u00f6r\u00fcn\u00fcm kazand\u0131ran, bina ya\u015f\u0131n\u0131 sabitleyen ve daha gen\u00e7 g\u00f6r\u00fcnmesini sa\u011flayan mantolama uygulamas\u0131 ile ilgili bilmeniz gereken \u015feyler \u015funlard\u0131r:<\/p>\n<ul>\n<li>Binan\u0131z\u0131n d\u0131\u015f cephesini kapatt\u0131\u011f\u0131 i\u00e7in, yap\u0131n\u0131z\u0131 d\u0131\u015f etkenlerden korur.<\/li>\n<li>Binan\u0131z\u0131 d\u0131\u015ftan yal\u0131t\u0131m yapt\u0131\u011f\u0131 i\u00e7in yaz ve k\u0131\u015f aylar\u0131n\u0131n s\u0131cak ve so\u011fuk etkilerinden korur.<\/li>\n<li>Is\u0131 k\u00f6pr\u00fclerinini engelledi\u011fi i\u00e7in yap\u0131n\u0131z\u0131 yo\u011fu\u015fma riskinden korur.<\/li>\n<li>K\u0131\u015f\u0131n \u0131s\u0131nmak i\u00e7in, yaz aylar\u0131nda serinlemek i\u00e7in enerji kullan\u0131m\u0131nda tasarruf sa\u011flar.<\/li>\n<li>Enerji tasarruf sa\u011flad\u0131\u011f\u0131 i\u00e7in \u00e7evrenin korunmas\u0131nda etkilidir.<\/li>\n<li>Yap\u0131 i\u00e7erisinde \u0131s\u0131 de\u011fi\u015fimini engeller. Konforlu bir ya\u015fam alan\u0131 sa\u011flar.<\/li>\n<li>Yap\u0131lara \u0131s\u0131 ve su yal\u0131t\u0131m\u0131 sa\u011flar. Yap\u0131 i\u00e7erisinde bulunan demir, beton, s\u0131va gibi malzemelerin korozyona (paslanma) u\u011framas\u0131n\u0131 engeller.<\/li>\n<\/ul>\n<\/div><\/section><\/p><\/div>\n\n<style type=\"text\/css\" data-created_by=\"avia_inline_auto\" id=\"style-css-av-pr6npo-3c4e95aa9c39a2ea9ed5099e3d5eaf41\">\n#top .flex_column.av-pr6npo-3c4e95aa9c39a2ea9ed5099e3d5eaf41{\nmargin-top:0px;\nmargin-bottom:0px;\n}\n.flex_column.av-pr6npo-3c4e95aa9c39a2ea9ed5099e3d5eaf41{\nborder-radius:0px 0px 0px 0px;\npadding:0px 0px 0px 0px;\n}\n.responsive #top #wrap_all .flex_column.av-pr6npo-3c4e95aa9c39a2ea9ed5099e3d5eaf41{\nmargin-top:0px;\nmargin-bottom:0px;\n}\n<\/style>\n<div  class='flex_column av-pr6npo-3c4e95aa9c39a2ea9ed5099e3d5eaf41 av_one_half  avia-builder-el-8  el_after_av_one_half  el_before_av_one_full  flex_column_div av-animated-generic bottom-to-top av-zero-column-padding  column-top-margin'     ><style type=\"text\/css\" data-created_by=\"avia_inline_auto\" id=\"style-css-av-obk5uk-6a7e4936f2eb2ac2c3ad16dfdd15135d\">\n.avia-image-container.av-obk5uk-6a7e4936f2eb2ac2c3ad16dfdd15135d img.avia_image{\nbox-shadow:none;\n}\n.avia-image-container.av-obk5uk-6a7e4936f2eb2ac2c3ad16dfdd15135d .av-image-caption-overlay-center{\ncolor:#ffffff;\n}\n<\/style>\n<div  class='avia-image-container av-obk5uk-6a7e4936f2eb2ac2c3ad16dfdd15135d av-styling-no-styling avia-align-center  avia-builder-el-9  avia-builder-el-no-sibling '   itemprop=\"image\" itemscope=\"itemscope\" itemtype=\"https:\/\/schema.org\/ImageObject\" ><div class=\"avia-image-container-inner\"><div class=\"avia-image-overlay-wrap\"><img decoding=\"async\" class='wp-image-4897 avia-img-lazy-loading-not-4897 avia_image ' src=\"https:\/\/evustasi.net\/wp-content\/uploads\/2023\/10\/discephemantolama-7-1.jpg\" alt='' title='discephemantolama-7'  height=\"630\" width=\"845\"  itemprop=\"thumbnailUrl\"  \/><\/div><\/div><\/div><\/div>\n\n<style type=\"text\/css\" data-created_by=\"avia_inline_auto\" id=\"style-css-av-n36xuk-7acdb7f6de452e8a02a835c858534a91\">\n.flex_column.av-n36xuk-7acdb7f6de452e8a02a835c858534a91{\nborder-width:1px;\nborder-color:#e1e1e1;\nborder-style:solid;\nborder-radius:0px 0px 0px 0px;\npadding:20px 20px 20px 20px;\nbackground-color:#fcfcfc;\n}\n<\/style>\n<div  class='flex_column av-n36xuk-7acdb7f6de452e8a02a835c858534a91 av_one_full  avia-builder-el-10  el_after_av_one_half  el_before_av_one_half  first flex_column_div av-animated-generic bottom-to-top  column-top-margin'     ><style type=\"text\/css\" data-created_by=\"avia_inline_auto\" id=\"style-css-av-21xa3g-192b7166bb2075d9da2ec03a18d04e05\">\n#top .av_textblock_section.av-21xa3g-192b7166bb2075d9da2ec03a18d04e05 .avia_textblock{\ncolumn-count:3;\n}\n<\/style>\n<section  class='av_textblock_section av-21xa3g-192b7166bb2075d9da2ec03a18d04e05 '   itemscope=\"itemscope\" itemtype=\"https:\/\/schema.org\/CreativeWork\" ><div class='avia_textblock av_multi_colums'  itemprop=\"text\" ><ul>\n<li>\u00a0Enerji tasarrufu.<\/li>\n<li>Konfor.<\/li>\n<li>Rutubet bariyeri.<\/li>\n<li>Uzun \u00f6m\u00fcrl\u00fc.<\/li>\n<li>\u00c7evre dostu.<\/li>\n<li>Kanunen zorunlu.<\/li>\n<\/ul>\n<\/div><\/section><\/div>\n\n<style type=\"text\/css\" data-created_by=\"avia_inline_auto\" id=\"style-css-av-j7sajw-5c1cc488846a9d02affd84f56ef9c9e6\">\n.flex_column.av-j7sajw-5c1cc488846a9d02affd84f56ef9c9e6{\nborder-radius:0px 0px 0px 0px;\npadding:0px 0px 0px 0px;\n}\n<\/style>\n<div  class='flex_column av-j7sajw-5c1cc488846a9d02affd84f56ef9c9e6 av_one_half  avia-builder-el-12  el_after_av_one_full  el_before_av_one_half  first flex_column_div av-animated-generic bottom-to-top av-zero-column-padding  column-top-margin'     ><p>\n<style type=\"text\/css\" data-created_by=\"avia_inline_auto\" id=\"style-css-av-hugyik-5c22a95688b50f8df5d599cdc06710cf\">\n#top .av-special-heading.av-hugyik-5c22a95688b50f8df5d599cdc06710cf{\npadding-bottom:0;\n}\nbody .av-special-heading.av-hugyik-5c22a95688b50f8df5d599cdc06710cf .av-special-heading-tag .heading-char{\nfont-size:25px;\n}\n.av-special-heading.av-hugyik-5c22a95688b50f8df5d599cdc06710cf .av-subheading{\nfont-size:15px;\n}\n<\/style>\n<div  class='av-special-heading av-hugyik-5c22a95688b50f8df5d599cdc06710cf av-special-heading-h3 blockquote modern-quote  avia-builder-el-13  el_before_av_hr  avia-builder-el-first '><h3 class='av-special-heading-tag'  itemprop=\"headline\"  >Y\u00fczde 50\u2019ye varan oranda enerji tasarrufu<\/h3><div class=\"special-heading-border\"><div class=\"special-heading-inner-border\"><\/div><\/div><\/div><br \/>\n\n<style type=\"text\/css\" data-created_by=\"avia_inline_auto\" id=\"style-css-av-fnxvto-5e7de99e9aa4165e7f4cb3856afe2fac\">\n#top .hr.av-fnxvto-5e7de99e9aa4165e7f4cb3856afe2fac{\nmargin-top:10px;\nmargin-bottom:10px;\n}\n.hr.av-fnxvto-5e7de99e9aa4165e7f4cb3856afe2fac .hr-inner{\nwidth:50px;\nborder-color:#efbb20;\n}\n<\/style>\n<div  class='hr av-fnxvto-5e7de99e9aa4165e7f4cb3856afe2fac hr-custom  avia-builder-el-14  el_after_av_heading  el_before_av_textblock  hr-left hr-icon-no'><span class='hr-inner inner-border-av-border-fat'><span class=\"hr-inner-style\"><\/span><\/span><\/div><br \/>\n<section  class='av_textblock_section av-evcfn0-a077184c650061cdd5cee8948d460121 '   itemscope=\"itemscope\" itemtype=\"https:\/\/schema.org\/CreativeWork\" ><div class='avia_textblock'  itemprop=\"text\" ><p>Is\u0131 yal\u0131t\u0131m\u0131 yaparak binan\u0131n \u00f6mr\u00fcn\u00fc uzatmak, kullan\u0131c\u0131ya sa\u011fl\u0131kl\u0131, konforlu mekanlar sunabilmek ve bina kullan\u0131m a\u015famas\u0131nda yak\u0131t ve so\u011futma giderlerinde b\u00fcy\u00fck kazan\u0131m sa\u011flamak m\u00fcmk\u00fcnd\u00fcr. Binalar\u0131n \u0131s\u0131t\u0131lmas\u0131 amac\u0131yla b\u00fcy\u00fck oranda fosil yak\u0131tlar kullan\u0131l\u0131r. Fosil yak\u0131tlar\u0131n yak\u0131lmas\u0131 sonucu yanma \u00fcr\u00fcn\u00fc olarak a\u00e7\u0131\u011fa \u00e7\u0131kan gazlar, hava kirlili\u011fine ve k\u00fcresel \u0131s\u0131nmaya neden olur. Is\u0131 yal\u0131t\u0131m\u0131 uygulamalar\u0131 ile konfor ko\u015fullar\u0131n\u0131n olu\u015fturulmas\u0131nda kullan\u0131lan enerji miktar\u0131n\u0131n azalmas\u0131, k\u00fcresel \u0131s\u0131nma ve hava kirlili\u011finin artmas\u0131n\u0131 \u00f6nler. Yap\u0131larda kurallara uygun \u015fekilde ger\u00e7ekle\u015ftirilen \u0131s\u0131 yal\u0131t\u0131m\u0131n\u0131n bireyler ve \u00fclkeler a\u00e7\u0131s\u0131ndan pek \u00e7ok yarar\u0131 vard\u0131r. Bunlar\u0131n en \u00f6nemlisi \u0131s\u0131 yal\u0131t\u0131m\u0131n\u0131n enerji tasarrufuna olan katk\u0131s\u0131d\u0131r.<\/p>\n<\/div><\/section><\/p><\/div>\n\n<style type=\"text\/css\" data-created_by=\"avia_inline_auto\" id=\"style-css-av-17co6k-fbf26e88225fc40c81a238ea40e6015b\">\n.flex_column.av-17co6k-fbf26e88225fc40c81a238ea40e6015b{\nborder-radius:0px 0px 0px 0px;\npadding:0px 0px 0px 0px;\n}\n<\/style>\n<div  class='flex_column av-17co6k-fbf26e88225fc40c81a238ea40e6015b av_one_half  avia-builder-el-16  el_after_av_one_half  el_before_av_hr  flex_column_div av-animated-generic bottom-to-top av-zero-column-padding  column-top-margin'     ><p>\n<style type=\"text\/css\" data-created_by=\"avia_inline_auto\" id=\"style-css-av-b49e70-b95805f873f8cc92fa4a466c72d25b1f\">\n#top .av-special-heading.av-b49e70-b95805f873f8cc92fa4a466c72d25b1f{\npadding-bottom:0;\n}\nbody .av-special-heading.av-b49e70-b95805f873f8cc92fa4a466c72d25b1f .av-special-heading-tag .heading-char{\nfont-size:25px;\n}\n.av-special-heading.av-b49e70-b95805f873f8cc92fa4a466c72d25b1f .av-subheading{\nfont-size:15px;\n}\n<\/style>\n<div  class='av-special-heading av-b49e70-b95805f873f8cc92fa4a466c72d25b1f av-special-heading-h3 blockquote modern-quote  avia-builder-el-17  el_before_av_hr  avia-builder-el-first '><h3 class='av-special-heading-tag'  itemprop=\"headline\"  >D\u0131\u015f ko\u015fullar\u0131n olumsuz etkilerine kar\u015f\u0131 korunma<\/h3><div class=\"special-heading-border\"><div class=\"special-heading-inner-border\"><\/div><\/div><\/div><br \/>\n\n<style type=\"text\/css\" data-created_by=\"avia_inline_auto\" id=\"style-css-av-9sbcuk-4c7ab3a0f1272e8245ee132d9a8bc2f4\">\n#top .hr.av-9sbcuk-4c7ab3a0f1272e8245ee132d9a8bc2f4{\nmargin-top:10px;\nmargin-bottom:10px;\n}\n.hr.av-9sbcuk-4c7ab3a0f1272e8245ee132d9a8bc2f4 .hr-inner{\nwidth:50px;\nborder-color:#efbb20;\n}\n<\/style>\n<div  class='hr av-9sbcuk-4c7ab3a0f1272e8245ee132d9a8bc2f4 hr-custom  avia-builder-el-18  el_after_av_heading  el_before_av_textblock  hr-left hr-icon-no'><span class='hr-inner inner-border-av-border-fat'><span class=\"hr-inner-style\"><\/span><\/span><\/div><br \/>\n<section  class='av_textblock_section av-6wl04c-6a8b7cce5a4158a8fbabc31953c7643d '   itemscope=\"itemscope\" itemtype=\"https:\/\/schema.org\/CreativeWork\" ><div class='avia_textblock'  itemprop=\"text\" ><p>Mantolama, bina d\u0131\u015f y\u00fczeyinin \u00e7e\u015fitli \u0131s\u0131 yal\u0131t\u0131m levhalar\u0131 ile kaplanmas\u0131 esas\u0131na dayanan bir yap\u0131 uygulamas\u0131d\u0131r. Bu uygulaman\u0131n temel amac\u0131 enerji verimlili\u011fini sa\u011flamakt\u0131r. Eski ve yeni binalarda yap\u0131labilen bir uygulama olmas\u0131 nedeniyle bina ya\u015f\u0131 ne olursa olsun \u0131s\u0131 yal\u0131t\u0131m\u0131 amac\u0131yla mantolama yap\u0131labilmektedir. Bu uygulama ile daha konforlu ya\u015fam alanlar\u0131 yaratmak, ya\u015fam kalitesini art\u0131rmak ve \u0131s\u0131nmak i\u00e7in daha az para harcamak m\u00fcmk\u00fcn hale gelmi\u015ftir. Mantolaman\u0131n en \u00f6nemli faydalar\u0131ndan birisi de bina ya\u015f\u0131n\u0131 sabitlemesidir. Bina y\u00fczeyindeki y\u0131pranmalar\u0131, \u00e7\u00fcr\u00fcmeleri, eskimeleri ve d\u00f6k\u00fclmeleri engelleyen uygulama ile beton y\u00fczeyler ya\u015flanmaz, d\u0131\u015f ko\u015fullar\u0131n olumsuz etkilerine kar\u015f\u0131 korunmu\u015f olur.<\/p>\n<\/div><\/section><\/p><\/div>\n\n<style type=\"text\/css\" data-created_by=\"avia_inline_auto\" id=\"style-css-av-lnsrc7s6-7f5d8e1f5bb5b4b0345e977ee62d43af\">\n#top .hr.hr-invisible.av-lnsrc7s6-7f5d8e1f5bb5b4b0345e977ee62d43af{\nheight:50px;\n}\n<\/style>\n<div  class='hr av-lnsrc7s6-7f5d8e1f5bb5b4b0345e977ee62d43af hr-invisible  avia-builder-el-20  el_after_av_one_half  el_before_av_one_full '><span class='hr-inner '><span class=\"hr-inner-style\"><\/span><\/span><\/div>\n\n<style type=\"text\/css\" data-created_by=\"avia_inline_auto\" id=\"style-css-av-69qdx8-1418d4acd574f7ddfcd1d7e1297556dd\">\n#top .flex_column.av-69qdx8-1418d4acd574f7ddfcd1d7e1297556dd{\nmargin-top:0px;\nmargin-bottom:0px;\n}\n.flex_column.av-69qdx8-1418d4acd574f7ddfcd1d7e1297556dd{\nborder-radius:0px 0px 0px 0px;\npadding:0px 0px 0px 0px;\n}\n.responsive #top #wrap_all .flex_column.av-69qdx8-1418d4acd574f7ddfcd1d7e1297556dd{\nmargin-top:0px;\nmargin-bottom:0px;\n}\n<\/style>\n<div  class='flex_column av-69qdx8-1418d4acd574f7ddfcd1d7e1297556dd av_one_full  avia-builder-el-21  el_after_av_hr  el_before_av_codeblock  first flex_column_div av-animated-generic bottom-to-top av-zero-column-padding  '     ><p>\n<style type=\"text\/css\" data-created_by=\"avia_inline_auto\" id=\"style-css-av-lnsrbyme-2d59a46c4538ace5645423165fc9a317\">\n#top .av-special-heading.av-lnsrbyme-2d59a46c4538ace5645423165fc9a317{\npadding-bottom:0;\n}\nbody .av-special-heading.av-lnsrbyme-2d59a46c4538ace5645423165fc9a317 .av-special-heading-tag .heading-char{\nfont-size:25px;\n}\n.av-special-heading.av-lnsrbyme-2d59a46c4538ace5645423165fc9a317 .av-subheading{\nfont-size:15px;\n}\n<\/style>\n<div  class='av-special-heading av-lnsrbyme-2d59a46c4538ace5645423165fc9a317 av-special-heading-h2 blockquote modern-quote modern-centered  avia-builder-el-22  el_before_av_hr  avia-builder-el-first '><h2 class='av-special-heading-tag'  itemprop=\"headline\"  >Instagram<\/h2><div class=\"special-heading-border\"><div class=\"special-heading-inner-border\"><\/div><\/div><\/div><br \/>\n\n<style type=\"text\/css\" data-created_by=\"avia_inline_auto\" id=\"style-css-av-3vhqy4-84e7ece1912fd0a0ea4adf66a70fcdc2\">\n#top .hr.av-3vhqy4-84e7ece1912fd0a0ea4adf66a70fcdc2{\nmargin-top:10px;\nmargin-bottom:10px;\n}\n.hr.av-3vhqy4-84e7ece1912fd0a0ea4adf66a70fcdc2 .hr-inner{\nwidth:50px;\nborder-color:#efbb20;\n}\n<\/style>\n<div  class='hr av-3vhqy4-84e7ece1912fd0a0ea4adf66a70fcdc2 hr-custom  avia-builder-el-23  el_after_av_heading  avia-builder-el-last  hr-center hr-icon-no'><span class='hr-inner inner-border-av-border-fat'><span class=\"hr-inner-style\"><\/span><\/span><\/div><\/p><\/div>\n\n\n<style type=\"text\/css\" data-created_by=\"avia_inline_auto\" id=\"style-css-av-lnsrcfrz-1e2eadcb92ab763a0c75f83ca1cb543e\">\n#top .hr.hr-invisible.av-lnsrcfrz-1e2eadcb92ab763a0c75f83ca1cb543e{\nheight:10px;\n}\n<\/style>\n<div  class='hr av-lnsrcfrz-1e2eadcb92ab763a0c75f83ca1cb543e hr-invisible  avia-builder-el-25  el_after_av_codeblock  avia-builder-el-last '><span class='hr-inner '><span class=\"hr-inner-style\"><\/span><\/span><\/div>\n","protected":false},"excerpt":{"rendered":"","protected":false},"author":1,"featured_media":0,"parent":4330,"menu_order":0,"comment_status":"closed","ping_status":"closed","template":"","meta":{"footnotes":""},"class_list":["post-4700","page","type-page","status-publish","hentry"],"_links":{"self":[{"href":"https:\/\/evustasi.net\/index.php\/wp-json\/wp\/v2\/pages\/4700","targetHints":{"allow":["GET"]}}],"collection":[{"href":"https:\/\/evustasi.net\/index.php\/wp-json\/wp\/v2\/pages"}],"about":[{"href":"https:\/\/evustasi.net\/index.php\/wp-json\/wp\/v2\/types\/page"}],"author":[{"embeddable":true,"href":"https:\/\/evustasi.net\/index.php\/wp-json\/wp\/v2\/users\/1"}],"replies":[{"embeddable":true,"href":"https:\/\/evustasi.net\/index.php\/wp-json\/wp\/v2\/comments?post=4700"}],"version-history":[{"count":14,"href":"https:\/\/evustasi.net\/index.php\/wp-json\/wp\/v2\/pages\/4700\/revisions"}],"predecessor-version":[{"id":4981,"href":"https:\/\/evustasi.net\/index.php\/wp-json\/wp\/v2\/pages\/4700\/revisions\/4981"}],"up":[{"embeddable":true,"href":"https:\/\/evustasi.net\/index.php\/wp-json\/wp\/v2\/pages\/4330"}],"wp:attachment":[{"href":"https:\/\/evustasi.net\/index.php\/wp-json\/wp\/v2\/media?parent=4700"}],"curies":[{"name":"wp","href":"https:\/\/api.w.org\/{rel}","templated":true}]}}