{"id":4704,"date":"2023-09-29T10:45:31","date_gmt":"2023-09-29T07:45:31","guid":{"rendered":"http:\/\/evustasi.net\/?page_id=4704"},"modified":"2023-11-01T13:20:38","modified_gmt":"2023-11-01T10:20:38","slug":"alci-boya-uygulamalari","status":"publish","type":"page","link":"https:\/\/evustasi.net\/index.php\/hizmetlerimiz\/alci-boya-uygulamalari\/","title":{"rendered":"Al\u00e7\u0131 &#8211; Boya Uygulamalar\u0131"},"content":{"rendered":"<div  class='avia-slideshow av-15jp1u8-95e374305a18a88c6041fd4fdc7ef222 avia-slideshow-featured_large av_slideshow avia-fade-slider  avia-builder-el-0  el_before_av_one_full  avia-builder-el-first  av-slideshow-ui av-control-hidden av-no-slider-navigation av-hide-nav-arrows av-slideshow-autoplay av-loop-endless av-loop-manual-endless av-default-height-applied avia-slideshow-1' data-slideshow-options=\"{&quot;animation&quot;:&quot;fade&quot;,&quot;autoplay&quot;:true,&quot;loop_autoplay&quot;:&quot;endless&quot;,&quot;interval&quot;:5,&quot;loop_manual&quot;:&quot;manual-endless&quot;,&quot;autoplay_stopper&quot;:false,&quot;noNavigation&quot;:true,&quot;bg_slider&quot;:false,&quot;keep_padding&quot;:false,&quot;hoverpause&quot;:false,&quot;show_slide_delay&quot;:0}\"  itemprop=\"image\" itemscope=\"itemscope\" itemtype=\"https:\/\/schema.org\/ImageObject\" ><ul class='avia-slideshow-inner ' style='padding-bottom: 42%;'><li  class='avia-slideshow-slide av-15jp1u8-95e374305a18a88c6041fd4fdc7ef222__0  slide-1 slide-odd'><div data-rel='slideshow-1' class='avia-slide-wrap '   ><img decoding=\"async\" class=\"wp-image-5005 avia-img-lazy-loading-not-5005\"  src=\"https:\/\/evustasi.net\/wp-content\/uploads\/2023\/11\/alciboya-1.jpg\" width=\"1500\" height=\"630\" title='alciboya-1' alt=''  itemprop=\"thumbnailUrl\"   \/><\/div><\/li><li  class='avia-slideshow-slide av-15jp1u8-95e374305a18a88c6041fd4fdc7ef222__1  slide-2 slide-even'><div data-rel='slideshow-1' class='avia-slide-wrap '   ><img decoding=\"async\" class=\"wp-image-5006 avia-img-lazy-loading-not-5006\"  src=\"https:\/\/evustasi.net\/wp-content\/uploads\/2023\/11\/alciboya-2.jpg\" width=\"1500\" height=\"630\" title='alciboya-2' alt=''  itemprop=\"thumbnailUrl\"   \/><\/div><\/li><li  class='avia-slideshow-slide av-15jp1u8-95e374305a18a88c6041fd4fdc7ef222__2  slide-3 slide-odd'><div data-rel='slideshow-1' class='avia-slide-wrap '   ><img decoding=\"async\" class=\"wp-image-5007 avia-img-lazy-loading-not-5007\"  src=\"https:\/\/evustasi.net\/wp-content\/uploads\/2023\/11\/alciboya-3.jpg\" width=\"1500\" height=\"630\" title='alciboya-3' alt=''  itemprop=\"thumbnailUrl\"   \/><\/div><\/li><li  class='avia-slideshow-slide av-15jp1u8-95e374305a18a88c6041fd4fdc7ef222__3  slide-4 slide-even'><div data-rel='slideshow-1' class='avia-slide-wrap '   ><img decoding=\"async\" class=\"wp-image-5008 avia-img-lazy-loading-not-5008\"  src=\"https:\/\/evustasi.net\/wp-content\/uploads\/2023\/11\/alciboya-4.jpg\" width=\"1500\" height=\"630\" title='alciboya-4' alt=''  itemprop=\"thumbnailUrl\"   \/><\/div><\/li><li  class='avia-slideshow-slide av-15jp1u8-95e374305a18a88c6041fd4fdc7ef222__4  slide-5 slide-odd'><div data-rel='slideshow-1' class='avia-slide-wrap '   ><img decoding=\"async\" class=\"wp-image-5009 avia-img-lazy-loading-not-5009\"  src=\"https:\/\/evustasi.net\/wp-content\/uploads\/2023\/11\/alciboya-5.jpg\" width=\"1500\" height=\"630\" title='alciboya-5' alt=''  itemprop=\"thumbnailUrl\"   \/><\/div><\/li><\/ul><div class='avia-slideshow-arrows avia-slideshow-controls' ><a href='#prev' class='prev-slide ' aria-hidden='true' data-av_icon='\ue87c' data-av_iconfont='entypo-fontello'  tabindex='-1'>\u00d6nceki<\/a><a href='#next' class='next-slide ' aria-hidden='true' data-av_icon='\ue87d' data-av_iconfont='entypo-fontello'  tabindex='-1'>Sonraki<\/a><\/div><\/div>\n\n<style type=\"text\/css\" data-created_by=\"avia_inline_auto\" id=\"style-css-av-wzfno0-a214f7d56611cc37c81926175160d529\">\n#top .flex_column.av-wzfno0-a214f7d56611cc37c81926175160d529{\nmargin-top:0px;\nmargin-bottom:0px;\n}\n.flex_column.av-wzfno0-a214f7d56611cc37c81926175160d529{\nborder-radius:0px 0px 0px 0px;\npadding:0px 0px 0px 0px;\n}\n.responsive #top #wrap_all .flex_column.av-wzfno0-a214f7d56611cc37c81926175160d529{\nmargin-top:0px;\nmargin-bottom:0px;\n}\n<\/style>\n<div  class='flex_column av-wzfno0-a214f7d56611cc37c81926175160d529 av_one_full  avia-builder-el-1  el_after_av_slideshow  el_before_av_one_half  first flex_column_div av-animated-generic bottom-to-top av-zero-column-padding  '     ><p>\n<style type=\"text\/css\" data-created_by=\"avia_inline_auto\" id=\"style-css-av-u5y3w0-e317b1d0f9644051ce279c8c30534186\">\n#top .av-special-heading.av-u5y3w0-e317b1d0f9644051ce279c8c30534186{\npadding-bottom:0;\n}\nbody .av-special-heading.av-u5y3w0-e317b1d0f9644051ce279c8c30534186 .av-special-heading-tag .heading-char{\nfont-size:25px;\n}\n.av-special-heading.av-u5y3w0-e317b1d0f9644051ce279c8c30534186 .av-subheading{\nfont-size:15px;\n}\n<\/style>\n<div  class='av-special-heading av-u5y3w0-e317b1d0f9644051ce279c8c30534186 av-special-heading-h2 blockquote modern-quote modern-centered  avia-builder-el-2  el_before_av_hr  avia-builder-el-first '><h2 class='av-special-heading-tag'  itemprop=\"headline\"  >Al\u00e7\u0131 &#8211; Boya Uygulamalar\u0131<\/h2><div class=\"special-heading-border\"><div class=\"special-heading-inner-border\"><\/div><\/div><\/div><br \/>\n\n<style type=\"text\/css\" data-created_by=\"avia_inline_auto\" id=\"style-css-av-t6pw0w-d00fb450d017214785d33778592893bd\">\n#top .hr.av-t6pw0w-d00fb450d017214785d33778592893bd{\nmargin-top:10px;\nmargin-bottom:10px;\n}\n.hr.av-t6pw0w-d00fb450d017214785d33778592893bd .hr-inner{\nwidth:50px;\nborder-color:#efbb20;\n}\n<\/style>\n<div  class='hr av-t6pw0w-d00fb450d017214785d33778592893bd hr-custom  avia-builder-el-3  el_after_av_heading  avia-builder-el-last  hr-center hr-icon-no'><span class='hr-inner inner-border-av-border-fat'><span class=\"hr-inner-style\"><\/span><\/span><\/div><\/p><\/div>\n\n<style type=\"text\/css\" data-created_by=\"avia_inline_auto\" id=\"style-css-av-r0dvyo-af1b740aecff4850ccf4baa4e50c7a59\">\n#top .flex_column.av-r0dvyo-af1b740aecff4850ccf4baa4e50c7a59{\nmargin-top:0px;\nmargin-bottom:0px;\n}\n.flex_column.av-r0dvyo-af1b740aecff4850ccf4baa4e50c7a59{\nborder-radius:0px 0px 0px 0px;\npadding:0px 0px 0px 0px;\n}\n.responsive #top #wrap_all .flex_column.av-r0dvyo-af1b740aecff4850ccf4baa4e50c7a59{\nmargin-top:0px;\nmargin-bottom:0px;\n}\n<\/style>\n<div  class='flex_column av-r0dvyo-af1b740aecff4850ccf4baa4e50c7a59 av_one_half  avia-builder-el-4  el_after_av_one_full  el_before_av_one_half  first flex_column_div av-animated-generic bottom-to-top av-zero-column-padding  column-top-margin'     ><p>\n<style type=\"text\/css\" data-created_by=\"avia_inline_auto\" id=\"style-css-av-po2rxs-b77d91156f73d3605d26538d3a054023\">\n#top .av-special-heading.av-po2rxs-b77d91156f73d3605d26538d3a054023{\npadding-bottom:0;\n}\nbody .av-special-heading.av-po2rxs-b77d91156f73d3605d26538d3a054023 .av-special-heading-tag .heading-char{\nfont-size:25px;\n}\n.av-special-heading.av-po2rxs-b77d91156f73d3605d26538d3a054023 .av-subheading{\nfont-size:15px;\n}\n<\/style>\n<div  class='av-special-heading av-po2rxs-b77d91156f73d3605d26538d3a054023 av-special-heading-h3 blockquote modern-quote  avia-builder-el-5  el_before_av_hr  avia-builder-el-first '><h3 class='av-special-heading-tag'  itemprop=\"headline\"  >\u0130\u015fimizi \u00f6zenle yapar\u0131z<\/h3><div class=\"special-heading-border\"><div class=\"special-heading-inner-border\"><\/div><\/div><\/div><br \/>\n\n<style type=\"text\/css\" data-created_by=\"avia_inline_auto\" id=\"style-css-av-o72ro0-fa9764af7e2ac595511b6bf7569234fa\">\n#top .hr.av-o72ro0-fa9764af7e2ac595511b6bf7569234fa{\nmargin-top:10px;\nmargin-bottom:10px;\n}\n.hr.av-o72ro0-fa9764af7e2ac595511b6bf7569234fa .hr-inner{\nwidth:50px;\nborder-color:#efbb20;\n}\n<\/style>\n<div  class='hr av-o72ro0-fa9764af7e2ac595511b6bf7569234fa hr-custom  avia-builder-el-6  el_after_av_heading  el_before_av_textblock  hr-left hr-icon-no'><span class='hr-inner inner-border-av-border-fat'><span class=\"hr-inner-style\"><\/span><\/span><\/div><br \/>\n<section  class='av_textblock_section av-ms7a0w-13e0f3ad7e0ddae0deda8de9de40d197 '   itemscope=\"itemscope\" itemtype=\"https:\/\/schema.org\/CreativeWork\" ><div class='avia_textblock'  itemprop=\"text\" ><p>Al\u00e7\u0131 s\u0131va, i\u00e7 s\u0131va y\u00fczeyleri i\u00e7in geleneksel kum \u00e7imento uygulamas\u0131na \u00e7evre dostu bir alternatiftir. Al\u00e7\u0131 s\u0131va, i\u00e7 y\u00fczeyler i\u00e7in daha h\u0131zl\u0131 bir uygulama y\u00f6ntemidir, \u00e7\u00fcnk\u00fc zaman al\u0131c\u0131 su k\u00fcr i\u015flemi gerektirmez. Hidrasyon \u0131s\u0131s\u0131ndan dolay\u0131 b\u00fcz\u00fclme \u00e7atlaklar\u0131n\u0131 azaltmak i\u00e7in kum \u00e7imento s\u0131vamas\u0131ndan sonraki 20 &#8211; 21 g\u00fcn boyunca su k\u00fcrleme i\u015flemi zorunludur. Al\u00e7\u0131 s\u0131va y\u00fczy\u0131llard\u0131r in\u015faat alan\u0131nda kullan\u0131lm\u0131\u015f ve i\u00e7 duvarlar\u0131 s\u0131valamak i\u00e7in zamana g\u00f6re test edilmi\u015f bir i\u015flemdir. Al\u00e7\u0131 s\u0131va, \u00fcst\u00fcn zengin ve p\u00fcr\u00fczs\u00fcz bir y\u00fczey sa\u011flarken m\u00fckemmel termal ve akustik \u00f6zellikler sa\u011flar.<\/p>\n<p>Ev Ustas\u0131 olarak \u0130zmir&#8217;in t\u00fcm semtlerinde, kalite ve uygun fiyat garantisiyle bina i\u00e7 ve d\u0131\u015f al\u00e7\u0131, boya, al\u00e7\u0131pan, b\u00f6lme duvar, kartonpiyer, asma tavan, i\u00e7 d\u0131\u015f cephe kaplama, tarakl\u0131 mozaik merdiven basama\u011f\u0131 ve komple tadilat i\u015flemlerinizi uzman ekibimiz ile itinayla yap\u0131yoruz. Alan\u0131nda uzman ve i\u015finde deneyimli ustalar\u0131m\u0131z m\u00fc\u015fteri memnuniyetini en \u00fcst d\u00fczeyde tutarak, eksiksiz ve an\u0131nda hizmet vererek ihtiya\u00e7lar\u0131n\u0131z\u0131 kar\u015f\u0131l\u0131yor.<\/p>\n<\/div><\/section><\/p><\/div>\n\n<style type=\"text\/css\" data-created_by=\"avia_inline_auto\" id=\"style-css-av-kgey28-c886be63783e2ab566cfff535b25068a\">\n#top .flex_column.av-kgey28-c886be63783e2ab566cfff535b25068a{\nmargin-top:0px;\nmargin-bottom:0px;\n}\n.flex_column.av-kgey28-c886be63783e2ab566cfff535b25068a{\nborder-radius:0px 0px 0px 0px;\npadding:0px 0px 0px 0px;\n}\n.responsive #top #wrap_all .flex_column.av-kgey28-c886be63783e2ab566cfff535b25068a{\nmargin-top:0px;\nmargin-bottom:0px;\n}\n<\/style>\n<div  class='flex_column av-kgey28-c886be63783e2ab566cfff535b25068a av_one_half  avia-builder-el-8  el_after_av_one_half  el_before_av_one_full  flex_column_div av-animated-generic bottom-to-top av-zero-column-padding  column-top-margin'     ><style type=\"text\/css\" data-created_by=\"avia_inline_auto\" id=\"style-css-av-1yxgxc-dbf4869d24ed60ba31dcd79276f55d12\">\n.avia-image-container.av-1yxgxc-dbf4869d24ed60ba31dcd79276f55d12 img.avia_image{\nbox-shadow:none;\n}\n.avia-image-container.av-1yxgxc-dbf4869d24ed60ba31dcd79276f55d12 .av-image-caption-overlay-center{\ncolor:#ffffff;\n}\n<\/style>\n<div  class='avia-image-container av-1yxgxc-dbf4869d24ed60ba31dcd79276f55d12 av-styling-no-styling avia-align-center  avia-builder-el-9  avia-builder-el-no-sibling '   itemprop=\"image\" itemscope=\"itemscope\" itemtype=\"https:\/\/schema.org\/ImageObject\" ><div class=\"avia-image-container-inner\"><div class=\"avia-image-overlay-wrap\"><img decoding=\"async\" class='wp-image-5010 avia-img-lazy-loading-not-5010 avia_image ' src=\"https:\/\/evustasi.net\/wp-content\/uploads\/2023\/11\/alciboya-6.jpg\" alt='' title='alciboya-6'  height=\"630\" width=\"845\"  itemprop=\"thumbnailUrl\"  \/><\/div><\/div><\/div><\/div>\n\n<style type=\"text\/css\" data-created_by=\"avia_inline_auto\" id=\"style-css-av-hes6q8-b9cb9b7f2f29920a3d7fce3b4f6bfc30\">\n.flex_column.av-hes6q8-b9cb9b7f2f29920a3d7fce3b4f6bfc30{\nborder-width:1px;\nborder-color:#e1e1e1;\nborder-style:solid;\nborder-radius:0px 0px 0px 0px;\npadding:20px 20px 20px 20px;\nbackground-color:#fcfcfc;\n}\n<\/style>\n<div  class='flex_column av-hes6q8-b9cb9b7f2f29920a3d7fce3b4f6bfc30 av_one_full  avia-builder-el-10  el_after_av_one_half  el_before_av_one_half  first flex_column_div av-animated-generic bottom-to-top  column-top-margin'     ><style type=\"text\/css\" data-created_by=\"avia_inline_auto\" id=\"style-css-av-gfcgsw-41e55a8a9c58803191525323049aa923\">\n#top .av_textblock_section.av-gfcgsw-41e55a8a9c58803191525323049aa923 .avia_textblock{\ncolumn-count:2;\n}\n<\/style>\n<section  class='av_textblock_section av-gfcgsw-41e55a8a9c58803191525323049aa923 '   itemscope=\"itemscope\" itemtype=\"https:\/\/schema.org\/CreativeWork\" ><div class='avia_textblock av_multi_colums'  itemprop=\"text\" ><ul>\n<li>D\u00fczg\u00fcnl\u00fck ve p\u00fcr\u00fczs\u00fczl\u00fck<\/li>\n<li>Tasar\u0131m esnekli\u011fi<\/li>\n<li>Yang\u0131n dayan\u0131kl\u0131l\u0131\u011f\u0131<\/li>\n<li>Ses yal\u0131t\u0131m\u0131<\/li>\n<\/ul>\n<\/div><\/section><\/div>\n<style type=\"text\/css\" data-created_by=\"avia_inline_auto\" id=\"style-css-av-e8wluo-dfd36f3bc9fcec414983c6e482b39488\">\n.flex_column.av-e8wluo-dfd36f3bc9fcec414983c6e482b39488{\nborder-radius:0px 0px 0px 0px;\npadding:0px 0px 0px 0px;\n}\n<\/style>\n<div  class='flex_column av-e8wluo-dfd36f3bc9fcec414983c6e482b39488 av_one_half  avia-builder-el-12  el_after_av_one_full  el_before_av_one_half  first flex_column_div av-animated-generic bottom-to-top av-zero-column-padding  column-top-margin'     ><p>\n<style type=\"text\/css\" data-created_by=\"avia_inline_auto\" id=\"style-css-av-d3ic5s-92dd38f06dda00c55b4a2b1681925b4e\">\n#top .av-special-heading.av-d3ic5s-92dd38f06dda00c55b4a2b1681925b4e{\npadding-bottom:0;\n}\nbody .av-special-heading.av-d3ic5s-92dd38f06dda00c55b4a2b1681925b4e .av-special-heading-tag .heading-char{\nfont-size:25px;\n}\n.av-special-heading.av-d3ic5s-92dd38f06dda00c55b4a2b1681925b4e .av-subheading{\nfont-size:15px;\n}\n<\/style>\n<div  class='av-special-heading av-d3ic5s-92dd38f06dda00c55b4a2b1681925b4e av-special-heading-h3 blockquote modern-quote  avia-builder-el-13  el_before_av_hr  avia-builder-el-first '><h3 class='av-special-heading-tag'  itemprop=\"headline\"  >M\u00fc\u015fteri odakl\u0131 planlama ve \u00fccretsiz ke\u015fif<\/h3><div class=\"special-heading-border\"><div class=\"special-heading-inner-border\"><\/div><\/div><\/div><br \/>\n\n<style type=\"text\/css\" data-created_by=\"avia_inline_auto\" id=\"style-css-av-atv5z4-eabd05f9dc984fd4d2f21266360a47c0\">\n#top .hr.av-atv5z4-eabd05f9dc984fd4d2f21266360a47c0{\nmargin-top:10px;\nmargin-bottom:10px;\n}\n.hr.av-atv5z4-eabd05f9dc984fd4d2f21266360a47c0 .hr-inner{\nwidth:50px;\nborder-color:#efbb20;\n}\n<\/style>\n<div  class='hr av-atv5z4-eabd05f9dc984fd4d2f21266360a47c0 hr-custom  avia-builder-el-14  el_after_av_heading  el_before_av_textblock  hr-left hr-icon-no'><span class='hr-inner inner-border-av-border-fat'><span class=\"hr-inner-style\"><\/span><\/span><\/div><br \/>\n<section  class='av_textblock_section av-908jyo-db79cc1d071b838b3d9f2c1403e6a3ef '   itemscope=\"itemscope\" itemtype=\"https:\/\/schema.org\/CreativeWork\" ><div class='avia_textblock'  itemprop=\"text\" ><p>Al\u00e7\u0131 ve boya uygulamalar\u0131m\u0131z m\u00fc\u015fteri odakl\u0131 olup, m\u00fc\u015fteriye istedi\u011fi zaman dilimi i\u00e7erisinde se\u00e7ti\u011fi boya rengi ile uygulan\u0131p memnuniyet bazl\u0131 ger\u00e7ekle\u015ftirilir. \u00fccretsiz ke\u015fif uygulamam\u0131z m\u00fc\u015fterimize e\u015flik eden profesyonel ke\u015fif ekibimiz taraf\u0131ndan size uygun bir zaman dilimi i\u00e7erisinde ger\u00e7ekle\u015ftirilir. Yap\u0131lan imalatlar\u0131m\u0131z garantili olup firmam\u0131z\u0131n g\u00fcvencesindedir. M\u00fc\u015fteri memnuniyeti ilk \u00f6nceli\u011fimizdir. Ya\u015fam Boya olarak \u00f6nceli\u011fimiz sizin memnuniyetinizdir.<\/p>\n<\/div><\/section><\/p><\/div><\/p>\n\n<style type=\"text\/css\" data-created_by=\"avia_inline_auto\" id=\"style-css-av-7lufbk-6fa45fb9ac04359e858ac36b2d1178a6\">\n.flex_column.av-7lufbk-6fa45fb9ac04359e858ac36b2d1178a6{\nborder-radius:0px 0px 0px 0px;\npadding:0px 0px 0px 0px;\n}\n<\/style>\n<div  class='flex_column av-7lufbk-6fa45fb9ac04359e858ac36b2d1178a6 av_one_half  avia-builder-el-16  el_after_av_one_half  el_before_av_hr  flex_column_div av-animated-generic bottom-to-top av-zero-column-padding  column-top-margin'     ><p>\n<style type=\"text\/css\" data-created_by=\"avia_inline_auto\" id=\"style-css-av-609t4g-3cff28b31af827ad687c1d62701ce684\">\n#top .av-special-heading.av-609t4g-3cff28b31af827ad687c1d62701ce684{\npadding-bottom:0;\n}\nbody .av-special-heading.av-609t4g-3cff28b31af827ad687c1d62701ce684 .av-special-heading-tag .heading-char{\nfont-size:25px;\n}\n.av-special-heading.av-609t4g-3cff28b31af827ad687c1d62701ce684 .av-subheading{\nfont-size:15px;\n}\n<\/style>\n<div  class='av-special-heading av-609t4g-3cff28b31af827ad687c1d62701ce684 av-special-heading-h3 blockquote modern-quote  avia-builder-el-17  el_before_av_hr  avia-builder-el-first '><h3 class='av-special-heading-tag'  itemprop=\"headline\"  >Boya badana i\u015fleri<\/h3><div class=\"special-heading-border\"><div class=\"special-heading-inner-border\"><\/div><\/div><\/div><br \/>\n\n<style type=\"text\/css\" data-created_by=\"avia_inline_auto\" id=\"style-css-av-3z5kbk-8723c0fc285665bd63d053fbd11fd76d\">\n#top .hr.av-3z5kbk-8723c0fc285665bd63d053fbd11fd76d{\nmargin-top:10px;\nmargin-bottom:10px;\n}\n.hr.av-3z5kbk-8723c0fc285665bd63d053fbd11fd76d .hr-inner{\nwidth:50px;\nborder-color:#efbb20;\n}\n<\/style>\n<div  class='hr av-3z5kbk-8723c0fc285665bd63d053fbd11fd76d hr-custom  avia-builder-el-18  el_after_av_heading  el_before_av_textblock  hr-left hr-icon-no'><span class='hr-inner inner-border-av-border-fat'><span class=\"hr-inner-style\"><\/span><\/span><\/div><br \/>\n<section  class='av_textblock_section av-1yr1g0-cec89e63d2c07a81a0aa0e4be5b88143 '   itemscope=\"itemscope\" itemtype=\"https:\/\/schema.org\/CreativeWork\" ><div class='avia_textblock'  itemprop=\"text\" ><p>Mekanlar\u0131n\u0131z\u0131n arzu edilen g\u00f6r\u00fcnt\u00fcye kavu\u015fmas\u0131n\u0131 sa\u011flaman\u0131n yan\u0131nda kullan\u0131lan yeni nesil boyalar sayesinde evinizin ve sizlerin nefes almas\u0131n\u0131 sa\u011flar. Profesyonel bir hizmet almak istiyorsan\u0131z, do\u011fru adrestesiniz. Evlerimiz ve ofislerimiz hayat\u0131m\u0131z\u0131 yans\u0131t\u0131r, onlar zaman\u0131m\u0131z\u0131n \u00e7o\u011funu ge\u00e7irdi\u011fimiz yerlerdir. Bu alanlarda ya\u015fayan insanlar\u0131n ya\u015fam kalitelerinin y\u00fcksek olmas\u0131 i\u00e7in bu mekanlar\u0131n rahat ve kaliteli olmas\u0131 gerekir. Bu nedenle, evlerin ve ofislerin iyi boyanmas\u0131 ve g\u00fczel dekore edilmesi esast\u0131r. Kaliteli boyama ve dekorasyon konusunda Boyac\u0131 \u0130zmir&#8217;e g\u00fcvenebilirsiniz. Sertifikal\u0131 ve kaliteli bir hizmet sunuyoruz. G\u00f6n\u00fcl rahatl\u0131\u011f\u0131 ile bize ula\u015fabilirsiniz.<\/p>\n<\/div><\/section><\/p><\/div>\n\n<style type=\"text\/css\" data-created_by=\"avia_inline_auto\" id=\"style-css-av-lnsr87a8-244dc9120e84a8ca13dffea1760ed17d\">\n#top .hr.hr-invisible.av-lnsr87a8-244dc9120e84a8ca13dffea1760ed17d{\nheight:50px;\n}\n<\/style>\n<div  class='hr av-lnsr87a8-244dc9120e84a8ca13dffea1760ed17d hr-invisible  avia-builder-el-20  el_after_av_one_half  el_before_av_one_full '><span class='hr-inner '><span class=\"hr-inner-style\"><\/span><\/span><\/div>\n\n<style type=\"text\/css\" data-created_by=\"avia_inline_auto\" id=\"style-css-av-65hs3k-e34790e7c63cb45c7f9dbdb953b9e121\">\n#top .flex_column.av-65hs3k-e34790e7c63cb45c7f9dbdb953b9e121{\nmargin-top:0px;\nmargin-bottom:0px;\n}\n.flex_column.av-65hs3k-e34790e7c63cb45c7f9dbdb953b9e121{\nborder-radius:0px 0px 0px 0px;\npadding:0px 0px 0px 0px;\n}\n.responsive #top #wrap_all .flex_column.av-65hs3k-e34790e7c63cb45c7f9dbdb953b9e121{\nmargin-top:0px;\nmargin-bottom:0px;\n}\n<\/style>\n<div  class='flex_column av-65hs3k-e34790e7c63cb45c7f9dbdb953b9e121 av_one_full  avia-builder-el-21  el_after_av_hr  el_before_av_codeblock  first flex_column_div av-animated-generic bottom-to-top av-zero-column-padding  '     ><p>\n<style type=\"text\/css\" data-created_by=\"avia_inline_auto\" id=\"style-css-av-lnsr80yt-1149d10254bdcefc3c26882a32d6be2f\">\n#top .av-special-heading.av-lnsr80yt-1149d10254bdcefc3c26882a32d6be2f{\npadding-bottom:0;\n}\nbody .av-special-heading.av-lnsr80yt-1149d10254bdcefc3c26882a32d6be2f .av-special-heading-tag .heading-char{\nfont-size:25px;\n}\n.av-special-heading.av-lnsr80yt-1149d10254bdcefc3c26882a32d6be2f .av-subheading{\nfont-size:15px;\n}\n<\/style>\n<div  class='av-special-heading av-lnsr80yt-1149d10254bdcefc3c26882a32d6be2f av-special-heading-h2 blockquote modern-quote modern-centered  avia-builder-el-22  el_before_av_hr  avia-builder-el-first '><h2 class='av-special-heading-tag'  itemprop=\"headline\"  >Instagram<\/h2><div class=\"special-heading-border\"><div class=\"special-heading-inner-border\"><\/div><\/div><\/div><br \/>\n\n<style type=\"text\/css\" data-created_by=\"avia_inline_auto\" id=\"style-css-av-4resow-ba7f70d558320246fce0f8778794be13\">\n#top .hr.av-4resow-ba7f70d558320246fce0f8778794be13{\nmargin-top:10px;\nmargin-bottom:10px;\n}\n.hr.av-4resow-ba7f70d558320246fce0f8778794be13 .hr-inner{\nwidth:50px;\nborder-color:#efbb20;\n}\n<\/style>\n<div  class='hr av-4resow-ba7f70d558320246fce0f8778794be13 hr-custom  avia-builder-el-23  el_after_av_heading  avia-builder-el-last  hr-center hr-icon-no'><span class='hr-inner inner-border-av-border-fat'><span class=\"hr-inner-style\"><\/span><\/span><\/div><\/p><\/div>\n\n\n<style type=\"text\/css\" data-created_by=\"avia_inline_auto\" id=\"style-css-av-lnsr8gc7-7293561ff904f19a15bdb1d37629d903\">\n#top .hr.hr-invisible.av-lnsr8gc7-7293561ff904f19a15bdb1d37629d903{\nheight:10px;\n}\n<\/style>\n<div  class='hr av-lnsr8gc7-7293561ff904f19a15bdb1d37629d903 hr-invisible  avia-builder-el-25  el_after_av_codeblock  avia-builder-el-last '><span class='hr-inner '><span class=\"hr-inner-style\"><\/span><\/span><\/div>\n","protected":false},"excerpt":{"rendered":"","protected":false},"author":1,"featured_media":0,"parent":4330,"menu_order":0,"comment_status":"closed","ping_status":"closed","template":"","meta":{"footnotes":""},"class_list":["post-4704","page","type-page","status-publish","hentry"],"_links":{"self":[{"href":"https:\/\/evustasi.net\/index.php\/wp-json\/wp\/v2\/pages\/4704","targetHints":{"allow":["GET"]}}],"collection":[{"href":"https:\/\/evustasi.net\/index.php\/wp-json\/wp\/v2\/pages"}],"about":[{"href":"https:\/\/evustasi.net\/index.php\/wp-json\/wp\/v2\/types\/page"}],"author":[{"embeddable":true,"href":"https:\/\/evustasi.net\/index.php\/wp-json\/wp\/v2\/users\/1"}],"replies":[{"embeddable":true,"href":"https:\/\/evustasi.net\/index.php\/wp-json\/wp\/v2\/comments?post=4704"}],"version-history":[{"count":14,"href":"https:\/\/evustasi.net\/index.php\/wp-json\/wp\/v2\/pages\/4704\/revisions"}],"predecessor-version":[{"id":5021,"href":"https:\/\/evustasi.net\/index.php\/wp-json\/wp\/v2\/pages\/4704\/revisions\/5021"}],"up":[{"embeddable":true,"href":"https:\/\/evustasi.net\/index.php\/wp-json\/wp\/v2\/pages\/4330"}],"wp:attachment":[{"href":"https:\/\/evustasi.net\/index.php\/wp-json\/wp\/v2\/media?parent=4704"}],"curies":[{"name":"wp","href":"https:\/\/api.w.org\/{rel}","templated":true}]}}