{"id":4706,"date":"2023-09-29T10:46:45","date_gmt":"2023-09-29T07:46:45","guid":{"rendered":"http:\/\/evustasi.net\/?page_id=4706"},"modified":"2023-11-01T10:26:09","modified_gmt":"2023-11-01T07:26:09","slug":"cati-ve-pergole-uygulamalari","status":"publish","type":"page","link":"https:\/\/evustasi.net\/index.php\/hizmetlerimiz\/cati-ve-pergole-uygulamalari\/","title":{"rendered":"\u00c7at\u0131 ve Pergole Uygulamalar\u0131"},"content":{"rendered":"<div  class='avia-slideshow av-19wkk0y-ccb38279d078761f2b38d7074728cd00 avia-slideshow-featured_large av_slideshow avia-fade-slider  avia-builder-el-0  el_before_av_one_full  avia-builder-el-first  av-slideshow-ui av-control-hidden av-no-slider-navigation av-hide-nav-arrows av-slideshow-autoplay av-loop-endless av-loop-manual-endless av-default-height-applied avia-slideshow-1' data-slideshow-options=\"{&quot;animation&quot;:&quot;fade&quot;,&quot;autoplay&quot;:true,&quot;loop_autoplay&quot;:&quot;endless&quot;,&quot;interval&quot;:5,&quot;loop_manual&quot;:&quot;manual-endless&quot;,&quot;autoplay_stopper&quot;:false,&quot;noNavigation&quot;:true,&quot;bg_slider&quot;:false,&quot;keep_padding&quot;:false,&quot;hoverpause&quot;:false,&quot;show_slide_delay&quot;:0}\"  itemprop=\"image\" itemscope=\"itemscope\" itemtype=\"https:\/\/schema.org\/ImageObject\" ><ul class='avia-slideshow-inner ' style='padding-bottom: 42%;'><li  class='avia-slideshow-slide av-19wkk0y-ccb38279d078761f2b38d7074728cd00__0  slide-1 slide-odd'><div data-rel='slideshow-1' class='avia-slide-wrap '   ><img decoding=\"async\" class=\"wp-image-4909 avia-img-lazy-loading-not-4909\"  src=\"https:\/\/evustasi.net\/wp-content\/uploads\/2023\/10\/pergola-1.jpg\" width=\"1500\" height=\"630\" title='pergola-1' alt=''  itemprop=\"thumbnailUrl\"   \/><\/div><\/li><li  class='avia-slideshow-slide av-19wkk0y-ccb38279d078761f2b38d7074728cd00__1  slide-2 slide-even'><div data-rel='slideshow-1' class='avia-slide-wrap '   ><img decoding=\"async\" class=\"wp-image-4970 avia-img-lazy-loading-not-4970\"  src=\"https:\/\/evustasi.net\/wp-content\/uploads\/2023\/10\/Catipergole8.jpg\" width=\"1500\" height=\"630\" title='Catipergole8' alt=''  itemprop=\"thumbnailUrl\"   \/><\/div><\/li><li  class='avia-slideshow-slide av-19wkk0y-ccb38279d078761f2b38d7074728cd00__2  slide-3 slide-odd'><div data-rel='slideshow-1' class='avia-slide-wrap '   ><img decoding=\"async\" class=\"wp-image-4911 avia-img-lazy-loading-not-4911\"  src=\"https:\/\/evustasi.net\/wp-content\/uploads\/2023\/10\/pergola-3.jpg\" width=\"1500\" height=\"630\" title='pergola-3' alt=''  itemprop=\"thumbnailUrl\"   \/><\/div><\/li><li  class='avia-slideshow-slide av-19wkk0y-ccb38279d078761f2b38d7074728cd00__3  slide-4 slide-even'><div data-rel='slideshow-1' class='avia-slide-wrap '   ><img decoding=\"async\" class=\"wp-image-4912 avia-img-lazy-loading-not-4912\"  src=\"https:\/\/evustasi.net\/wp-content\/uploads\/2023\/10\/pergola-4.jpg\" width=\"1500\" height=\"630\" title='pergola-4' alt=''  itemprop=\"thumbnailUrl\"   \/><\/div><\/li><li  class='avia-slideshow-slide av-19wkk0y-ccb38279d078761f2b38d7074728cd00__4  slide-5 slide-odd'><div data-rel='slideshow-1' class='avia-slide-wrap '   ><img decoding=\"async\" class=\"wp-image-4951 avia-img-lazy-loading-not-4951\"  src=\"https:\/\/evustasi.net\/wp-content\/uploads\/2023\/10\/cati.jpg\" width=\"1500\" height=\"630\" title='cati' alt=''  itemprop=\"thumbnailUrl\"   \/><\/div><\/li><\/ul><div class='avia-slideshow-arrows avia-slideshow-controls' ><a href='#prev' class='prev-slide ' aria-hidden='true' data-av_icon='\ue87c' data-av_iconfont='entypo-fontello'  tabindex='-1'>\u00d6nceki<\/a><a href='#next' class='next-slide ' aria-hidden='true' data-av_icon='\ue87d' data-av_iconfont='entypo-fontello'  tabindex='-1'>Sonraki<\/a><\/div><\/div>\n\n<style type=\"text\/css\" data-created_by=\"avia_inline_auto\" id=\"style-css-av-102c2iq-8a06b73d1a37ae34f9456a52b8e0c08c\">\n#top .flex_column.av-102c2iq-8a06b73d1a37ae34f9456a52b8e0c08c{\nmargin-top:0px;\nmargin-bottom:0px;\n}\n.flex_column.av-102c2iq-8a06b73d1a37ae34f9456a52b8e0c08c{\nborder-radius:0px 0px 0px 0px;\npadding:0px 0px 0px 0px;\n}\n.responsive #top #wrap_all .flex_column.av-102c2iq-8a06b73d1a37ae34f9456a52b8e0c08c{\nmargin-top:0px;\nmargin-bottom:0px;\n}\n<\/style>\n<div  class='flex_column av-102c2iq-8a06b73d1a37ae34f9456a52b8e0c08c av_one_full  avia-builder-el-1  el_after_av_slideshow  el_before_av_one_half  first flex_column_div av-animated-generic bottom-to-top av-zero-column-padding  '     ><p>\n<style type=\"text\/css\" data-created_by=\"avia_inline_auto\" id=\"style-css-av-lnsr4arn-90d37bb502351b1bdb7828e607ffe449\">\n#top .av-special-heading.av-lnsr4arn-90d37bb502351b1bdb7828e607ffe449{\npadding-bottom:0;\n}\nbody .av-special-heading.av-lnsr4arn-90d37bb502351b1bdb7828e607ffe449 .av-special-heading-tag .heading-char{\nfont-size:25px;\n}\n.av-special-heading.av-lnsr4arn-90d37bb502351b1bdb7828e607ffe449 .av-subheading{\nfont-size:15px;\n}\n<\/style>\n<div  class='av-special-heading av-lnsr4arn-90d37bb502351b1bdb7828e607ffe449 av-special-heading-h2 blockquote modern-quote modern-centered  avia-builder-el-2  el_before_av_hr  avia-builder-el-first '><h2 class='av-special-heading-tag'  itemprop=\"headline\"  >\u00c7at\u0131 ve Pergole Uygulamalar\u0131<\/h2><div class=\"special-heading-border\"><div class=\"special-heading-inner-border\"><\/div><\/div><\/div><br \/>\n\n<style type=\"text\/css\" data-created_by=\"avia_inline_auto\" id=\"style-css-av-ycqck2-4ac6e0a89df414f65aee0d391d09adb2\">\n#top .hr.av-ycqck2-4ac6e0a89df414f65aee0d391d09adb2{\nmargin-top:10px;\nmargin-bottom:10px;\n}\n.hr.av-ycqck2-4ac6e0a89df414f65aee0d391d09adb2 .hr-inner{\nwidth:50px;\nborder-color:#efbb20;\n}\n<\/style>\n<div  class='hr av-ycqck2-4ac6e0a89df414f65aee0d391d09adb2 hr-custom  avia-builder-el-3  el_after_av_heading  avia-builder-el-last  hr-center hr-icon-no'><span class='hr-inner inner-border-av-border-fat'><span class=\"hr-inner-style\"><\/span><\/span><\/div><\/p><\/div>\n\n<style type=\"text\/css\" data-created_by=\"avia_inline_auto\" id=\"style-css-av-wawljm-67b8687841f2bfb5e354e1f0fb0c5a75\">\n#top .flex_column.av-wawljm-67b8687841f2bfb5e354e1f0fb0c5a75{\nmargin-top:0px;\nmargin-bottom:0px;\n}\n.flex_column.av-wawljm-67b8687841f2bfb5e354e1f0fb0c5a75{\nborder-radius:0px 0px 0px 0px;\npadding:0px 0px 0px 0px;\n}\n.responsive #top #wrap_all .flex_column.av-wawljm-67b8687841f2bfb5e354e1f0fb0c5a75{\nmargin-top:0px;\nmargin-bottom:0px;\n}\n<\/style>\n<div  class='flex_column av-wawljm-67b8687841f2bfb5e354e1f0fb0c5a75 av_one_half  avia-builder-el-4  el_after_av_one_full  el_before_av_one_half  first flex_column_div av-animated-generic bottom-to-top av-zero-column-padding  column-top-margin'     ><p>\n<style type=\"text\/css\" data-created_by=\"avia_inline_auto\" id=\"style-css-av-usq5hu-7ab7fa4ca16a1a84bb076388a6af0dba\">\n#top .av-special-heading.av-usq5hu-7ab7fa4ca16a1a84bb076388a6af0dba{\npadding-bottom:0;\n}\nbody .av-special-heading.av-usq5hu-7ab7fa4ca16a1a84bb076388a6af0dba .av-special-heading-tag .heading-char{\nfont-size:25px;\n}\n.av-special-heading.av-usq5hu-7ab7fa4ca16a1a84bb076388a6af0dba .av-subheading{\nfont-size:15px;\n}\n<\/style>\n<div  class='av-special-heading av-usq5hu-7ab7fa4ca16a1a84bb076388a6af0dba av-special-heading-h3 blockquote modern-quote  avia-builder-el-5  el_before_av_hr  avia-builder-el-first '><h3 class='av-special-heading-tag'  itemprop=\"headline\"  >Mekanlar\u0131n\u0131za stil kazand\u0131r\u0131n!<\/h3><div class=\"special-heading-border\"><div class=\"special-heading-inner-border\"><\/div><\/div><\/div><br \/>\n\n<style type=\"text\/css\" data-created_by=\"avia_inline_auto\" id=\"style-css-av-t518du-b7c768f405e1a90236cd892f423e4401\">\n#top .hr.av-t518du-b7c768f405e1a90236cd892f423e4401{\nmargin-top:10px;\nmargin-bottom:10px;\n}\n.hr.av-t518du-b7c768f405e1a90236cd892f423e4401 .hr-inner{\nwidth:50px;\nborder-color:#efbb20;\n}\n<\/style>\n<div  class='hr av-t518du-b7c768f405e1a90236cd892f423e4401 hr-custom  avia-builder-el-6  el_after_av_heading  el_before_av_textblock  hr-left hr-icon-no'><span class='hr-inner inner-border-av-border-fat'><span class=\"hr-inner-style\"><\/span><\/span><\/div><br \/>\n<section  class='av_textblock_section av-ru6msi-440dfe606dbfb7daf7cc82320e03bb4b '   itemscope=\"itemscope\" itemtype=\"https:\/\/schema.org\/CreativeWork\" ><div class='avia_textblock'  itemprop=\"text\" ><p>G\u00fcn\u00fcm\u00fczde bir\u00e7ok ya\u015fam alan\u0131nda s\u0131k tercih edilen a\u00e7\u0131l\u0131r kapan\u0131r \u00e7at\u0131 sistemleri sayesinde \u00e7ok daha i\u015flevsel bir kullan\u0131m alan\u0131 olu\u015fturulmu\u015ftur. Otomatik a\u00e7\u0131l\u0131r kapan\u0131r tavan sistemleri sayesinde \u00f6zellikle kafe ve restoran gibi alanlarda \u00e7ok daha verimli bir \u015fekilde mekan\u0131n kullan\u0131m\u0131 sa\u011flanabilmektedir.<span class=\"Apple-converted-space\">\u00a0<\/span><\/p>\n<p>A\u00e7\u0131l\u0131r kapan\u0131r \u00e7at\u0131 sistemleri rolling roof ya da pergola gibi sistemler olarak da bilinmektedir. Mekanda istendi\u011fi zaman a\u00e7ma kapama i\u015flemleri yap\u0131larak alan\u0131n k\u00f6t\u00fc hava ko\u015fullar\u0131na kar\u015f\u0131 korunmas\u0131 sa\u011flanabilir. \u0130yi havalarda a\u00e7\u0131larak \u00e7at\u0131 s\u0131n\u0131rlamas\u0131ndan kurtulmak veya k\u00f6t\u00fc havalarda da alan\u0131n verimli \u015fekilde kullan\u0131m\u0131n\u0131 sa\u011flamak m\u00fcmk\u00fcnd\u00fcr.<\/p>\n<p>Otomatik \u00e7at\u0131 sistemleri sayesinde uyguland\u0131\u011f\u0131 alanda pratik bir kullan\u0131m sunmas\u0131 da \u00f6nemli bir \u00f6zelli\u011fidir. Geli\u015fen teknoloji sayesinde a\u00e7\u0131l\u0131r kapan\u0131r \u00e7at\u0131 sistemi olarak bir\u00e7ok farkl\u0131 \u00fcr\u00fcn tercih edilebilir. Tamamen beklentilere, kullan\u0131m alan\u0131na ve kullan\u0131m amac\u0131na g\u00f6re bu detaylar\u0131n belirlenmesi gerekecektir. A\u00e7\u0131l\u0131r kapan\u0131r tavan sistemleri g\u00fcn\u00fcm\u00fczde bir\u00e7ok farkl\u0131 alanda kullan\u0131m\u0131na rastlad\u0131\u011f\u0131m\u0131z sistemlerdir.<\/p>\n<\/div><\/section><\/p><\/div>\n\n<style type=\"text\/css\" data-created_by=\"avia_inline_auto\" id=\"style-css-av-ptjqzm-3ba6368c5c8225947a3d6787d8dc6371\">\n#top .flex_column.av-ptjqzm-3ba6368c5c8225947a3d6787d8dc6371{\nmargin-top:0px;\nmargin-bottom:0px;\n}\n.flex_column.av-ptjqzm-3ba6368c5c8225947a3d6787d8dc6371{\nborder-radius:0px 0px 0px 0px;\npadding:0px 0px 0px 0px;\n}\n.responsive #top #wrap_all .flex_column.av-ptjqzm-3ba6368c5c8225947a3d6787d8dc6371{\nmargin-top:0px;\nmargin-bottom:0px;\n}\n<\/style>\n<div  class='flex_column av-ptjqzm-3ba6368c5c8225947a3d6787d8dc6371 av_one_half  avia-builder-el-8  el_after_av_one_half  el_before_av_one_full  flex_column_div av-animated-generic bottom-to-top av-zero-column-padding  column-top-margin'     ><style type=\"text\/css\" data-created_by=\"avia_inline_auto\" id=\"style-css-av-nzguk2-d3473a29f9e9bd8257b9bf1225eb3634\">\n.avia-image-container.av-nzguk2-d3473a29f9e9bd8257b9bf1225eb3634 img.avia_image{\nbox-shadow:none;\n}\n.avia-image-container.av-nzguk2-d3473a29f9e9bd8257b9bf1225eb3634 .av-image-caption-overlay-center{\ncolor:#ffffff;\n}\n<\/style>\n<div  class='avia-image-container av-nzguk2-d3473a29f9e9bd8257b9bf1225eb3634 av-styling-no-styling avia-align-center  avia-builder-el-9  avia-builder-el-no-sibling '   itemprop=\"image\" itemscope=\"itemscope\" itemtype=\"https:\/\/schema.org\/ImageObject\" ><div class=\"avia-image-container-inner\"><div class=\"avia-image-overlay-wrap\"><img decoding=\"async\" class='wp-image-4914 avia-img-lazy-loading-not-4914 avia_image ' src=\"https:\/\/evustasi.net\/wp-content\/uploads\/2023\/10\/pergola-6.jpg\" alt='' title='pergola-6'  height=\"630\" width=\"845\"  itemprop=\"thumbnailUrl\"  \/><\/div><\/div><\/div><\/div>\n\n<style type=\"text\/css\" data-created_by=\"avia_inline_auto\" id=\"style-css-av-m8grbm-67de1c306db87dd158b4ee3b2180abc1\">\n.flex_column.av-m8grbm-67de1c306db87dd158b4ee3b2180abc1{\nborder-width:1px;\nborder-color:#e1e1e1;\nborder-style:solid;\nborder-radius:0px 0px 0px 0px;\npadding:20px 20px 20px 20px;\nbackground-color:#fcfcfc;\n}\n<\/style>\n<div  class='flex_column av-m8grbm-67de1c306db87dd158b4ee3b2180abc1 av_one_full  avia-builder-el-10  el_after_av_one_half  el_before_av_one_half  first flex_column_div av-animated-generic bottom-to-top  column-top-margin'     ><style type=\"text\/css\" data-created_by=\"avia_inline_auto\" id=\"style-css-av-7ny6q-f0d90937af8e1bb456de5041e7b64553\">\n#top .av_textblock_section.av-7ny6q-f0d90937af8e1bb456de5041e7b64553 .avia_textblock{\ncolumn-count:3;\n}\n<\/style>\n<section  class='av_textblock_section av-7ny6q-f0d90937af8e1bb456de5041e7b64553 '   itemscope=\"itemscope\" itemtype=\"https:\/\/schema.org\/CreativeWork\" ><div class='avia_textblock av_multi_colums'  itemprop=\"text\" ><ul>\n<li>Yanmaz, ate\u015f y\u00fcr\u00fctmez kuma\u015f malzemeden \u00fcretilmi\u015ftir.<\/li>\n<li>Y\u00fcksek al\u0131\u015f\u0131ml\u0131 al\u00fcminyum kasa ve renk se\u00e7enekleri vard\u0131r.<\/li>\n<li>Paslanmaz \u00e7elikten \u00fcretilmi\u015f aksam ve ba\u011flant\u0131 par\u00e7alar\u0131.<\/li>\n<li>A\u00e7\u0131l\u0131r &#8211; Kapan\u0131r otomasyon sistemini.<\/li>\n<li>Parlakl\u0131\u011f\u0131 ayarlanabilir LED &#8211; TEC teknolojisi.<\/li>\n<li>\u00c7evre etkenlerine kar\u015f\u0131n uzun \u00f6m\u00fcrl\u00fc kullan\u0131ma uygundur.<\/li>\n<\/ul>\n<\/div><\/section><\/div>\n\n<style type=\"text\/css\" data-created_by=\"avia_inline_auto\" id=\"style-css-av-iwqx02-7c2591261565d60f61cba9bd2b8a806c\">\n.flex_column.av-iwqx02-7c2591261565d60f61cba9bd2b8a806c{\nborder-radius:0px 0px 0px 0px;\npadding:0px 0px 0px 0px;\n}\n<\/style>\n<div  class='flex_column av-iwqx02-7c2591261565d60f61cba9bd2b8a806c av_one_half  avia-builder-el-12  el_after_av_one_full  el_before_av_one_half  first flex_column_div av-animated-generic bottom-to-top av-zero-column-padding  column-top-margin'     ><p>\n<style type=\"text\/css\" data-created_by=\"avia_inline_auto\" id=\"style-css-av-1qkbvm-74329f8bc40df58c6569fbe1ef0e6c58\">\n#top .av-special-heading.av-1qkbvm-74329f8bc40df58c6569fbe1ef0e6c58{\npadding-bottom:0;\n}\nbody .av-special-heading.av-1qkbvm-74329f8bc40df58c6569fbe1ef0e6c58 .av-special-heading-tag .heading-char{\nfont-size:25px;\n}\n.av-special-heading.av-1qkbvm-74329f8bc40df58c6569fbe1ef0e6c58 .av-subheading{\nfont-size:15px;\n}\n<\/style>\n<div  class='av-special-heading av-1qkbvm-74329f8bc40df58c6569fbe1ef0e6c58 av-special-heading-h3 blockquote modern-quote  avia-builder-el-13  el_before_av_hr  avia-builder-el-first '><h3 class='av-special-heading-tag'  itemprop=\"headline\"  >Bah\u00e7e ve verandalar\u0131n\u0131z\u0131 4 mevsim kullan\u0131n!<\/h3><div class=\"special-heading-border\"><div class=\"special-heading-inner-border\"><\/div><\/div><\/div><br \/>\n\n<style type=\"text\/css\" data-created_by=\"avia_inline_auto\" id=\"style-css-av-finroy-ce91225c91010834e02aa668d12dab29\">\n#top .hr.av-finroy-ce91225c91010834e02aa668d12dab29{\nmargin-top:10px;\nmargin-bottom:10px;\n}\n.hr.av-finroy-ce91225c91010834e02aa668d12dab29 .hr-inner{\nwidth:50px;\nborder-color:#efbb20;\n}\n<\/style>\n<div  class='hr av-finroy-ce91225c91010834e02aa668d12dab29 hr-custom  avia-builder-el-14  el_after_av_heading  el_before_av_textblock  hr-left hr-icon-no'><span class='hr-inner inner-border-av-border-fat'><span class=\"hr-inner-style\"><\/span><\/span><\/div><br \/>\n<section  class='av_textblock_section av-eigttu-0f14118c6b547cc4b9d8ccc2b15dee1d '   itemscope=\"itemscope\" itemtype=\"https:\/\/schema.org\/CreativeWork\" ><div class='avia_textblock'  itemprop=\"text\" ><p>Ev Ustas\u0131 uzman tasar\u0131m ve \u00fcretim ekibimiz, sat\u0131\u015f dan\u0131\u015fmanlar\u0131m\u0131z ve montaj personellerimiz, sat\u0131\u015f sonras\u0131 bak\u0131m ve onar\u0131m hizmetlerimizle tavan kapama, cam balkon, k\u0131\u015f bah\u00e7esi, hareketli cam ve g\u00f6lgelendirme sistemleri alan\u0131nda profesyonel hizmet sunuyoruz. Y\u00fcksek kalite standartlar\u0131m\u0131zla, dayan\u0131kl\u0131 ve dikkat \u00e7ekici, yenilik\u00e7i ve kullan\u0131\u015fl\u0131 cam tavan, pergola, zip perde sistemleriyle ev ve i\u015f yerlerinizi yeniden tasarl\u0131yoruz!<\/p>\n<p>Bireysel ve kurumsal ihtiya\u00e7lar\u0131n\u0131z\u0131 belirliyor, tamamen mekan\u0131n\u0131za \u00f6zel pergola sistemlerini farkl\u0131 renk ve modellerde tasarl\u0131yoruz.<\/p>\n<\/div><\/section><\/p><\/div>\n\n<style type=\"text\/css\" data-created_by=\"avia_inline_auto\" id=\"style-css-av-cpifqa-1708f297a8298d6eb068ef31ef7b4007\">\n.flex_column.av-cpifqa-1708f297a8298d6eb068ef31ef7b4007{\nborder-radius:0px 0px 0px 0px;\npadding:0px 0px 0px 0px;\n}\n<\/style>\n<div  class='flex_column av-cpifqa-1708f297a8298d6eb068ef31ef7b4007 av_one_half  avia-builder-el-16  el_after_av_one_half  el_before_av_hr  flex_column_div av-animated-generic bottom-to-top av-zero-column-padding  column-top-margin'     ><p>\n<style type=\"text\/css\" data-created_by=\"avia_inline_auto\" id=\"style-css-av-a7deqq-10490f332abe8aacb170eeeb90a810c6\">\n#top .av-special-heading.av-a7deqq-10490f332abe8aacb170eeeb90a810c6{\npadding-bottom:0;\n}\nbody .av-special-heading.av-a7deqq-10490f332abe8aacb170eeeb90a810c6 .av-special-heading-tag .heading-char{\nfont-size:25px;\n}\n.av-special-heading.av-a7deqq-10490f332abe8aacb170eeeb90a810c6 .av-subheading{\nfont-size:15px;\n}\n<\/style>\n<div  class='av-special-heading av-a7deqq-10490f332abe8aacb170eeeb90a810c6 av-special-heading-h3 blockquote modern-quote  avia-builder-el-17  el_before_av_hr  avia-builder-el-first '><h3 class='av-special-heading-tag'  itemprop=\"headline\"  >A\u00e7\u0131l\u0131r kapan\u0131r \u00e7at\u0131 sistemleri avantajlar\u0131 nelerdir?<\/h3><div class=\"special-heading-border\"><div class=\"special-heading-inner-border\"><\/div><\/div><\/div><br \/>\n\n<style type=\"text\/css\" data-created_by=\"avia_inline_auto\" id=\"style-css-av-9qhzgi-62cb96c18950c6d6ee2bfa327a6abe01\">\n#top .hr.av-9qhzgi-62cb96c18950c6d6ee2bfa327a6abe01{\nmargin-top:10px;\nmargin-bottom:10px;\n}\n.hr.av-9qhzgi-62cb96c18950c6d6ee2bfa327a6abe01 .hr-inner{\nwidth:50px;\nborder-color:#efbb20;\n}\n<\/style>\n<div  class='hr av-9qhzgi-62cb96c18950c6d6ee2bfa327a6abe01 hr-custom  avia-builder-el-18  el_after_av_heading  el_before_av_textblock  hr-left hr-icon-no'><span class='hr-inner inner-border-av-border-fat'><span class=\"hr-inner-style\"><\/span><\/span><\/div><br \/>\n<section  class='av_textblock_section av-73pzo2-5b7348e38f5cd1f8e23936a3ee13ae6a '   itemscope=\"itemscope\" itemtype=\"https:\/\/schema.org\/CreativeWork\" ><div class='avia_textblock'  itemprop=\"text\" ><p>A\u00e7\u0131l\u0131r kapan\u0131r \u00e7at\u0131 sistemlerinin en b\u00fcy\u00fck avantaj\u0131 ad\u0131ndan da anla\u015f\u0131labilece\u011fi \u00fczere iste\u011fe ba\u011fl\u0131 olarak a\u00e7\u0131l\u0131p kapanmas\u0131d\u0131r. Bu sayede olumsuz hava ko\u015fullar\u0131ndan a\u00e7\u0131k alanlar\u0131n tam olarak korunmas\u0131 veya iyi havalarda g\u00fcn \u0131\u015f\u0131\u011f\u0131ndan ve temiz havadan en iyi \u015fekilde yararlan\u0131lmas\u0131n\u0131 sa\u011flar. Pratik bir kullan\u0131ma sahip oldu\u011fu i\u00e7in a\u00e7ma kapama i\u015flemleri kolayca ger\u00e7ekle\u015ftirilebilir.<\/p>\n<p>A\u00e7\u0131l\u0131r kapan\u0131r \u00e7at\u0131 sistemlerinin g\u00fcn\u00fcm\u00fczde yayg\u0131n kullan\u0131m\u0131 hali haz\u0131rda bu t\u00fcr sahip oldu\u011fu avantajlardan kaynaklanmaktad\u0131r. A\u00e7\u0131l\u0131r kapan\u0131r teras sistemleri ba\u015fta olmak \u00fczere \u00e7o\u011fu restoran ve kafe gibi i\u015fletme bu t\u00fcr uygulamalara ba\u015fvurmaktad\u0131r. Otomatik olarak kontrol edilebilir olmas\u0131 ve uzun y\u0131llar maksimum verim ile \u00e7al\u0131\u015fabilir olmas\u0131 sayesinde a\u00e7\u0131l\u0131r kapan\u0131r \u00e7at\u0131 sistemlerinin kullan\u0131m\u0131 m\u00fcmk\u00fcnd\u00fcr. A\u00e7\u0131k alanlar\u0131n daha kullan\u0131\u015fl\u0131 hale gelmesinde de a\u00e7\u0131l\u0131r kapan\u0131r \u00e7at\u0131 sistemlerinin tercih edilmesi gerekecektir.<\/p>\n<\/div><\/section><\/p><\/div>\n\n<style type=\"text\/css\" data-created_by=\"avia_inline_auto\" id=\"style-css-av-lnsr4zzt-8ca3c3803108203dcbeed71750fbcbdb\">\n#top .hr.hr-invisible.av-lnsr4zzt-8ca3c3803108203dcbeed71750fbcbdb{\nheight:50px;\n}\n<\/style>\n<div  class='hr av-lnsr4zzt-8ca3c3803108203dcbeed71750fbcbdb hr-invisible  avia-builder-el-20  el_after_av_one_half  el_before_av_one_full '><span class='hr-inner '><span class=\"hr-inner-style\"><\/span><\/span><\/div>\n\n<style type=\"text\/css\" data-created_by=\"avia_inline_auto\" id=\"style-css-av-5rydsy-9e8e68a6fcfbc4349fd2078f527df755\">\n#top .flex_column.av-5rydsy-9e8e68a6fcfbc4349fd2078f527df755{\nmargin-top:0px;\nmargin-bottom:0px;\n}\n.flex_column.av-5rydsy-9e8e68a6fcfbc4349fd2078f527df755{\nborder-radius:0px 0px 0px 0px;\npadding:0px 0px 0px 0px;\n}\n.responsive #top #wrap_all .flex_column.av-5rydsy-9e8e68a6fcfbc4349fd2078f527df755{\nmargin-top:0px;\nmargin-bottom:0px;\n}\n<\/style>\n<div  class='flex_column av-5rydsy-9e8e68a6fcfbc4349fd2078f527df755 av_one_full  avia-builder-el-21  el_after_av_hr  el_before_av_codeblock  first flex_column_div av-animated-generic bottom-to-top av-zero-column-padding  '     ><p>\n<style type=\"text\/css\" data-created_by=\"avia_inline_auto\" id=\"style-css-av-lnsr55vs-e0baee38f7b4f371086a788df28aa05f\">\n#top .av-special-heading.av-lnsr55vs-e0baee38f7b4f371086a788df28aa05f{\npadding-bottom:0;\n}\nbody .av-special-heading.av-lnsr55vs-e0baee38f7b4f371086a788df28aa05f .av-special-heading-tag .heading-char{\nfont-size:25px;\n}\n.av-special-heading.av-lnsr55vs-e0baee38f7b4f371086a788df28aa05f .av-subheading{\nfont-size:15px;\n}\n<\/style>\n<div  class='av-special-heading av-lnsr55vs-e0baee38f7b4f371086a788df28aa05f av-special-heading-h2 blockquote modern-quote modern-centered  avia-builder-el-22  el_before_av_hr  avia-builder-el-first '><h2 class='av-special-heading-tag'  itemprop=\"headline\"  >Instagram<\/h2><div class=\"special-heading-border\"><div class=\"special-heading-inner-border\"><\/div><\/div><\/div><br \/>\n\n<style type=\"text\/css\" data-created_by=\"avia_inline_auto\" id=\"style-css-av-3v2yjm-291f1452f71086549a464b92dcb17eb3\">\n#top .hr.av-3v2yjm-291f1452f71086549a464b92dcb17eb3{\nmargin-top:10px;\nmargin-bottom:10px;\n}\n.hr.av-3v2yjm-291f1452f71086549a464b92dcb17eb3 .hr-inner{\nwidth:50px;\nborder-color:#efbb20;\n}\n<\/style>\n<div  class='hr av-3v2yjm-291f1452f71086549a464b92dcb17eb3 hr-custom  avia-builder-el-23  el_after_av_heading  avia-builder-el-last  hr-center hr-icon-no'><span class='hr-inner inner-border-av-border-fat'><span class=\"hr-inner-style\"><\/span><\/span><\/div><\/p><\/div>\n\n\n<style type=\"text\/css\" data-created_by=\"avia_inline_auto\" id=\"style-css-av-lnsr5etc-e08b847baa64be9a5b70296471073f0c\">\n#top .hr.hr-invisible.av-lnsr5etc-e08b847baa64be9a5b70296471073f0c{\nheight:10px;\n}\n<\/style>\n<div  class='hr av-lnsr5etc-e08b847baa64be9a5b70296471073f0c hr-invisible  avia-builder-el-25  el_after_av_codeblock  avia-builder-el-last '><span class='hr-inner '><span class=\"hr-inner-style\"><\/span><\/span><\/div>\n","protected":false},"excerpt":{"rendered":"","protected":false},"author":1,"featured_media":0,"parent":4330,"menu_order":0,"comment_status":"closed","ping_status":"closed","template":"","meta":{"footnotes":""},"class_list":["post-4706","page","type-page","status-publish","hentry"],"_links":{"self":[{"href":"https:\/\/evustasi.net\/index.php\/wp-json\/wp\/v2\/pages\/4706","targetHints":{"allow":["GET"]}}],"collection":[{"href":"https:\/\/evustasi.net\/index.php\/wp-json\/wp\/v2\/pages"}],"about":[{"href":"https:\/\/evustasi.net\/index.php\/wp-json\/wp\/v2\/types\/page"}],"author":[{"embeddable":true,"href":"https:\/\/evustasi.net\/index.php\/wp-json\/wp\/v2\/users\/1"}],"replies":[{"embeddable":true,"href":"https:\/\/evustasi.net\/index.php\/wp-json\/wp\/v2\/comments?post=4706"}],"version-history":[{"count":16,"href":"https:\/\/evustasi.net\/index.php\/wp-json\/wp\/v2\/pages\/4706\/revisions"}],"predecessor-version":[{"id":4977,"href":"https:\/\/evustasi.net\/index.php\/wp-json\/wp\/v2\/pages\/4706\/revisions\/4977"}],"up":[{"embeddable":true,"href":"https:\/\/evustasi.net\/index.php\/wp-json\/wp\/v2\/pages\/4330"}],"wp:attachment":[{"href":"https:\/\/evustasi.net\/index.php\/wp-json\/wp\/v2\/media?parent=4706"}],"curies":[{"name":"wp","href":"https:\/\/api.w.org\/{rel}","templated":true}]}}